{"id":25753,"date":"2022-10-21T17:47:19","date_gmt":"2022-10-21T17:47:19","guid":{"rendered":"https:\/\/tumarca.co\/index.php\/product\/organizador-barik\/"},"modified":"2022-11-09T19:18:46","modified_gmt":"2022-11-09T19:18:46","slug":"organizador-barik","status":"publish","type":"product","link":"https:\/\/tumarca.co\/index.php\/product\/organizador-barik\/","title":{"rendered":"ORGANIZADOR B\u00e1RIK"},"content":{"rendered":"<p>ORGANIZADOR B\u00e1RIK(Organizador para accesorios de tecnolog\u00eda con dos compartimentos. Cuenta con divisiones para guardar memoria Micro SD, USB, cables, cargadores, c\u00e1mara, mouse, etc.)<\/p>\n","protected":false},"excerpt":{"rendered":"<p>ORGANIZADOR B\u00e1RIK(Organizador para accesorios de tecnolog\u00eda con dos compartimentos. Cuenta con divisiones para guardar memoria Micro SD, USB, cables, cargadores, c\u00e1mara, mouse, etc.)<\/p>\n","protected":false},"featured_media":25651,"comment_status":"closed","ping_status":"closed","template":"","meta":[],"product_brand":[],"product_cat":[100],"product_tag":[],"class_list":{"0":"post-25753","1":"product","2":"type-product","3":"status-publish","4":"has-post-thumbnail","6":"product_cat-telefonos-y-accesorios","8":"first","9":"instock","10":"shipping-taxable","11":"product-type-simple"},"_links":{"self":[{"href":"https:\/\/tumarca.co\/index.php\/wp-json\/wp\/v2\/product\/25753","targetHints":{"allow":["GET"]}}],"collection":[{"href":"https:\/\/tumarca.co\/index.php\/wp-json\/wp\/v2\/product"}],"about":[{"href":"https:\/\/tumarca.co\/index.php\/wp-json\/wp\/v2\/types\/product"}],"replies":[{"embeddable":true,"href":"https:\/\/tumarca.co\/index.php\/wp-json\/wp\/v2\/comments?post=25753"}],"version-history":[{"count":0,"href":"https:\/\/tumarca.co\/index.php\/wp-json\/wp\/v2\/product\/25753\/revisions"}],"wp:featuredmedia":[{"embeddable":true,"href":"https:\/\/tumarca.co\/index.php\/wp-json\/wp\/v2\/media\/25651"}],"wp:attachment":[{"href":"https:\/\/tumarca.co\/index.php\/wp-json\/wp\/v2\/media?parent=25753"}],"wp:term":[{"taxonomy":"product_brand","embeddable":true,"href":"https:\/\/tumarca.co\/index.php\/wp-json\/wp\/v2\/product_brand?post=25753"},{"taxonomy":"product_cat","embeddable":true,"href":"https:\/\/tumarca.co\/index.php\/wp-json\/wp\/v2\/product_cat?post=25753"},{"taxonomy":"product_tag","embeddable":true,"href":"https:\/\/tumarca.co\/index.php\/wp-json\/wp\/v2\/product_tag?post=25753"}],"curies":[{"name":"wp","href":"https:\/\/api.w.org\/{rel}","templated":true}]}}