{"id":25821,"date":"2022-10-21T17:47:49","date_gmt":"2022-10-21T17:47:49","guid":{"rendered":"https:\/\/tumarca.co\/index.php\/product\/boligrafo-livenza-azul\/"},"modified":"2025-05-07T00:47:41","modified_gmt":"2025-05-07T00:47:41","slug":"boligrafo-livenza-azul","status":"publish","type":"product","link":"https:\/\/tumarca.co\/index.php\/product\/boligrafo-livenza-azul\/","title":{"rendered":"BOL\u00edGRAFO LIVENZA AZUL"},"content":{"rendered":"<p>BOL\u00edGRAFO LIVENZA(Bol\u00edgrafo con touch screen. Mecanismo pulsador para ocultar el clip.)<\/p>\n","protected":false},"excerpt":{"rendered":"<p>BOL\u00edGRAFO LIVENZA(Bol\u00edgrafo con touch screen. Mecanismo pulsador para ocultar el clip.)<\/p>\n","protected":false},"featured_media":6548,"comment_status":"closed","ping_status":"closed","template":"","meta":[],"product_brand":[],"product_cat":[7193,11137],"product_tag":[],"class_list":{"0":"post-25821","1":"product","2":"type-product","3":"status-publish","4":"has-post-thumbnail","6":"product_cat-articulos-escritura","7":"product_cat-boligrafos-funciones","9":"first","10":"instock","11":"shipping-taxable","12":"product-type-simple"},"_links":{"self":[{"href":"https:\/\/tumarca.co\/index.php\/wp-json\/wp\/v2\/product\/25821","targetHints":{"allow":["GET"]}}],"collection":[{"href":"https:\/\/tumarca.co\/index.php\/wp-json\/wp\/v2\/product"}],"about":[{"href":"https:\/\/tumarca.co\/index.php\/wp-json\/wp\/v2\/types\/product"}],"replies":[{"embeddable":true,"href":"https:\/\/tumarca.co\/index.php\/wp-json\/wp\/v2\/comments?post=25821"}],"version-history":[{"count":0,"href":"https:\/\/tumarca.co\/index.php\/wp-json\/wp\/v2\/product\/25821\/revisions"}],"wp:featuredmedia":[{"embeddable":true,"href":"https:\/\/tumarca.co\/index.php\/wp-json\/wp\/v2\/media\/6548"}],"wp:attachment":[{"href":"https:\/\/tumarca.co\/index.php\/wp-json\/wp\/v2\/media?parent=25821"}],"wp:term":[{"taxonomy":"product_brand","embeddable":true,"href":"https:\/\/tumarca.co\/index.php\/wp-json\/wp\/v2\/product_brand?post=25821"},{"taxonomy":"product_cat","embeddable":true,"href":"https:\/\/tumarca.co\/index.php\/wp-json\/wp\/v2\/product_cat?post=25821"},{"taxonomy":"product_tag","embeddable":true,"href":"https:\/\/tumarca.co\/index.php\/wp-json\/wp\/v2\/product_tag?post=25821"}],"curies":[{"name":"wp","href":"https:\/\/api.w.org\/{rel}","templated":true}]}}