{"id":26290,"date":"2022-10-21T17:51:34","date_gmt":"2022-10-21T17:51:34","guid":{"rendered":"https:\/\/tumarca.co\/index.php\/product\/libreta-ridge-verde\/"},"modified":"2022-11-09T23:32:37","modified_gmt":"2022-11-09T23:32:37","slug":"libreta-ridge-verde","status":"publish","type":"product","link":"https:\/\/tumarca.co\/index.php\/product\/libreta-ridge-verde\/","title":{"rendered":"LIBRETA RIDGE VERDE"},"content":{"rendered":"<p>LIBRETA RIDGE(70 Hojas de raya. Incluye notas adheribles en diferentes colores, bol\u00edgrafo ecol\u00f3gico y el\u00e1stico para cerrar.)<\/p>\n","protected":false},"excerpt":{"rendered":"<p>LIBRETA RIDGE(70 Hojas de raya. Incluye notas adheribles en diferentes colores, bol\u00edgrafo ecol\u00f3gico y el\u00e1stico para cerrar.)<\/p>\n","protected":false},"featured_media":31487,"comment_status":"closed","ping_status":"closed","template":"","meta":[],"product_brand":[],"product_cat":[9563],"product_tag":[],"class_list":{"0":"post-26290","1":"product","2":"type-product","3":"status-publish","4":"has-post-thumbnail","6":"product_cat-libretas","8":"first","9":"instock","10":"shipping-taxable","11":"product-type-simple"},"_links":{"self":[{"href":"https:\/\/tumarca.co\/index.php\/wp-json\/wp\/v2\/product\/26290","targetHints":{"allow":["GET"]}}],"collection":[{"href":"https:\/\/tumarca.co\/index.php\/wp-json\/wp\/v2\/product"}],"about":[{"href":"https:\/\/tumarca.co\/index.php\/wp-json\/wp\/v2\/types\/product"}],"replies":[{"embeddable":true,"href":"https:\/\/tumarca.co\/index.php\/wp-json\/wp\/v2\/comments?post=26290"}],"version-history":[{"count":0,"href":"https:\/\/tumarca.co\/index.php\/wp-json\/wp\/v2\/product\/26290\/revisions"}],"wp:featuredmedia":[{"embeddable":true,"href":"https:\/\/tumarca.co\/index.php\/wp-json\/wp\/v2\/media\/31487"}],"wp:attachment":[{"href":"https:\/\/tumarca.co\/index.php\/wp-json\/wp\/v2\/media?parent=26290"}],"wp:term":[{"taxonomy":"product_brand","embeddable":true,"href":"https:\/\/tumarca.co\/index.php\/wp-json\/wp\/v2\/product_brand?post=26290"},{"taxonomy":"product_cat","embeddable":true,"href":"https:\/\/tumarca.co\/index.php\/wp-json\/wp\/v2\/product_cat?post=26290"},{"taxonomy":"product_tag","embeddable":true,"href":"https:\/\/tumarca.co\/index.php\/wp-json\/wp\/v2\/product_tag?post=26290"}],"curies":[{"name":"wp","href":"https:\/\/api.w.org\/{rel}","templated":true}]}}