{"id":27191,"date":"2022-11-02T15:49:30","date_gmt":"2022-11-02T15:49:30","guid":{"rendered":"https:\/\/tumarca.co\/index.php\/product\/boligrafo-moscu-solido-nuevo-precio-neto\/"},"modified":"2022-11-02T15:49:30","modified_gmt":"2022-11-02T15:49:30","slug":"boligrafo-moscu-solido-nuevo-precio-neto","status":"publish","type":"product","link":"https:\/\/tumarca.co\/index.php\/product\/boligrafo-moscu-solido-nuevo-precio-neto\/","title":{"rendered":"Bol\u00edgrafo Mosc\u00fa S\u00f3lido NUEVO PRECIO NETO"},"content":{"rendered":"<p>Bol&iacute;grafo pl&aacute;stico. <br \/>\nMedidas: 14 cm<br \/>\nMarca: 2.5 cm \/ Tampograf&iacute;a<\/p>\n","protected":false},"excerpt":{"rendered":"<p>$690<br \/>\n<strong>Precio Neto<\/strong><\/p>\n","protected":false},"featured_media":27190,"comment_status":"open","ping_status":"closed","template":"","meta":[],"product_brand":[],"product_cat":[4750],"product_tag":[4766,4749,4562,5357,5356,5353,5354,4769,5078,5355],"class_list":{"0":"post-27191","1":"product","2":"type-product","3":"status-publish","4":"has-post-thumbnail","6":"product_cat-boligrafos","7":"product_tag-boligrafos","8":"product_tag-cataprom","9":"product_tag-esferos","10":"product_tag-lapiceros-plasticos","11":"product_tag-moscu","12":"product_tag-moscu-sol","13":"product_tag-moscu-solido","14":"product_tag-plasticos","15":"product_tag-push","16":"product_tag-solidos","18":"first","19":"instock","20":"shipping-taxable","21":"product-type-simple"},"_links":{"self":[{"href":"https:\/\/tumarca.co\/index.php\/wp-json\/wp\/v2\/product\/27191","targetHints":{"allow":["GET"]}}],"collection":[{"href":"https:\/\/tumarca.co\/index.php\/wp-json\/wp\/v2\/product"}],"about":[{"href":"https:\/\/tumarca.co\/index.php\/wp-json\/wp\/v2\/types\/product"}],"replies":[{"embeddable":true,"href":"https:\/\/tumarca.co\/index.php\/wp-json\/wp\/v2\/comments?post=27191"}],"version-history":[{"count":0,"href":"https:\/\/tumarca.co\/index.php\/wp-json\/wp\/v2\/product\/27191\/revisions"}],"wp:featuredmedia":[{"embeddable":true,"href":"https:\/\/tumarca.co\/index.php\/wp-json\/wp\/v2\/media\/27190"}],"wp:attachment":[{"href":"https:\/\/tumarca.co\/index.php\/wp-json\/wp\/v2\/media?parent=27191"}],"wp:term":[{"taxonomy":"product_brand","embeddable":true,"href":"https:\/\/tumarca.co\/index.php\/wp-json\/wp\/v2\/product_brand?post=27191"},{"taxonomy":"product_cat","embeddable":true,"href":"https:\/\/tumarca.co\/index.php\/wp-json\/wp\/v2\/product_cat?post=27191"},{"taxonomy":"product_tag","embeddable":true,"href":"https:\/\/tumarca.co\/index.php\/wp-json\/wp\/v2\/product_tag?post=27191"}],"curies":[{"name":"wp","href":"https:\/\/api.w.org\/{rel}","templated":true}]}}