{"id":29365,"date":"2022-11-02T16:26:07","date_gmt":"2022-11-02T16:26:07","guid":{"rendered":"https:\/\/tumarca.co\/index.php\/product\/soporte-para-moviles-automatico-con-camara-face-nuevo-precio-neto\/"},"modified":"2025-05-07T00:44:37","modified_gmt":"2025-05-07T00:44:37","slug":"soporte-para-moviles-automatico-con-camara-face-nuevo-precio-neto","status":"publish","type":"product","link":"https:\/\/tumarca.co\/index.php\/product\/soporte-para-moviles-automatico-con-camara-face-nuevo-precio-neto\/","title":{"rendered":"Soporte para m\u00f3viles Autom\u00e1tico con C\u00e1mara Face NUEVO PRECIO NETO"},"content":{"rendered":"<p>Soporte para m&oacute;viles panor&aacute;mico con sensor de seguimiento facial de 360&deg;. No necesita conectarse a Bluetooth para su funcionamiento. Clip para dispositivo m&oacute;vil extensible hasta 11cm. Coloque su smartphone y realice fotos o videos con movimiento sin ayuda de otras personas. Debe funcionar sobre una base estable y sin interferencias. <br \/>\nEmpaque caja individual. <br \/>\nMedidas: 19 cm x 8.5 cm <br \/>\nMedidas base: 14.5 cm x 14.5 cm <br \/>\nSin marca.<\/p>\n","protected":false},"excerpt":{"rendered":"<p>$225.000<br \/>\n<strong>Precio Neto<\/strong><\/p>\n","protected":false},"featured_media":29364,"comment_status":"open","ping_status":"closed","template":"","meta":[],"product_brand":[],"product_cat":[68,3753,7193],"product_tag":[9518,9514,5182,4749,5878,9338,9521,9520,9516,9522,9513,9512,8274,9515,6051,6047,9510,9511,9519,9517],"class_list":{"0":"post-29365","1":"product","2":"type-product","3":"status-publish","4":"has-post-thumbnail","6":"product_cat-accesorios-de-escritorio","7":"product_cat-articulos-de-oficina","8":"product_cat-articulos-escritura","9":"product_tag-automaticos","10":"product_tag-camaras","11":"product_tag-caras","12":"product_tag-cataprom","13":"product_tag-celulares","14":"product_tag-faces","15":"product_tag-giratorias","16":"product_tag-giratorios","17":"product_tag-movimientos","18":"product_tag-panoramicos","19":"product_tag-rostros","20":"product_tag-seguimientos","21":"product_tag-selfies","22":"product_tag-sensores","23":"product_tag-smartphones","24":"product_tag-soportes","25":"product_tag-te-453","26":"product_tag-te453","27":"product_tag-trackers","28":"product_tag-videos","30":"first","31":"instock","32":"shipping-taxable","33":"product-type-simple"},"_links":{"self":[{"href":"https:\/\/tumarca.co\/index.php\/wp-json\/wp\/v2\/product\/29365","targetHints":{"allow":["GET"]}}],"collection":[{"href":"https:\/\/tumarca.co\/index.php\/wp-json\/wp\/v2\/product"}],"about":[{"href":"https:\/\/tumarca.co\/index.php\/wp-json\/wp\/v2\/types\/product"}],"replies":[{"embeddable":true,"href":"https:\/\/tumarca.co\/index.php\/wp-json\/wp\/v2\/comments?post=29365"}],"version-history":[{"count":0,"href":"https:\/\/tumarca.co\/index.php\/wp-json\/wp\/v2\/product\/29365\/revisions"}],"wp:featuredmedia":[{"embeddable":true,"href":"https:\/\/tumarca.co\/index.php\/wp-json\/wp\/v2\/media\/29364"}],"wp:attachment":[{"href":"https:\/\/tumarca.co\/index.php\/wp-json\/wp\/v2\/media?parent=29365"}],"wp:term":[{"taxonomy":"product_brand","embeddable":true,"href":"https:\/\/tumarca.co\/index.php\/wp-json\/wp\/v2\/product_brand?post=29365"},{"taxonomy":"product_cat","embeddable":true,"href":"https:\/\/tumarca.co\/index.php\/wp-json\/wp\/v2\/product_cat?post=29365"},{"taxonomy":"product_tag","embeddable":true,"href":"https:\/\/tumarca.co\/index.php\/wp-json\/wp\/v2\/product_tag?post=29365"}],"curies":[{"name":"wp","href":"https:\/\/api.w.org\/{rel}","templated":true}]}}