{"id":30983,"date":"2022-11-09T23:19:06","date_gmt":"2022-11-09T23:19:06","guid":{"rendered":"https:\/\/tumarca.co\/?post_type=product&#038;p=30983"},"modified":"2022-11-09T23:19:07","modified_gmt":"2022-11-09T23:19:07","slug":"termo-vitali-rojo","status":"publish","type":"product","link":"https:\/\/tumarca.co\/index.php\/product\/termo-vitali-rojo\/","title":{"rendered":"TERMO VITALI ROJO"},"content":{"rendered":"<p>TERMO VITALI(Doble pared con agarradera de silic\u00f3n. Incluye chup\u00f3n de succi\u00f3n que permite la fijaci\u00f3n a la superficie evitando el derrame por accidente. Incluye v\u00e1lvula de seguridad.)<\/p>\n","protected":false},"excerpt":{"rendered":"<p>TERMO VITALI(Doble pared con agarradera de silic\u00f3n. Incluye chup\u00f3n de succi\u00f3n que permite la fijaci\u00f3n a la superficie evitando el derrame por accidente. Incluye v\u00e1lvula de seguridad.)<\/p>\n","protected":false},"featured_media":30984,"comment_status":"open","ping_status":"closed","template":"","meta":[],"product_brand":[],"product_cat":[11155],"product_tag":[],"class_list":{"0":"post-30983","1":"product","2":"type-product","3":"status-publish","4":"has-post-thumbnail","6":"product_cat-termo-metalico","8":"first","9":"instock","10":"shipping-taxable","11":"product-type-simple"},"_links":{"self":[{"href":"https:\/\/tumarca.co\/index.php\/wp-json\/wp\/v2\/product\/30983","targetHints":{"allow":["GET"]}}],"collection":[{"href":"https:\/\/tumarca.co\/index.php\/wp-json\/wp\/v2\/product"}],"about":[{"href":"https:\/\/tumarca.co\/index.php\/wp-json\/wp\/v2\/types\/product"}],"replies":[{"embeddable":true,"href":"https:\/\/tumarca.co\/index.php\/wp-json\/wp\/v2\/comments?post=30983"}],"version-history":[{"count":0,"href":"https:\/\/tumarca.co\/index.php\/wp-json\/wp\/v2\/product\/30983\/revisions"}],"wp:featuredmedia":[{"embeddable":true,"href":"https:\/\/tumarca.co\/index.php\/wp-json\/wp\/v2\/media\/30984"}],"wp:attachment":[{"href":"https:\/\/tumarca.co\/index.php\/wp-json\/wp\/v2\/media?parent=30983"}],"wp:term":[{"taxonomy":"product_brand","embeddable":true,"href":"https:\/\/tumarca.co\/index.php\/wp-json\/wp\/v2\/product_brand?post=30983"},{"taxonomy":"product_cat","embeddable":true,"href":"https:\/\/tumarca.co\/index.php\/wp-json\/wp\/v2\/product_cat?post=30983"},{"taxonomy":"product_tag","embeddable":true,"href":"https:\/\/tumarca.co\/index.php\/wp-json\/wp\/v2\/product_tag?post=30983"}],"curies":[{"name":"wp","href":"https:\/\/api.w.org\/{rel}","templated":true}]}}