{"id":3761,"date":"2019-07-03T12:03:46","date_gmt":"2019-07-03T12:03:46","guid":{"rendered":"http:\/\/tumarca.co\/2019\/index.php\/product\/import-placeholder-for-3004137\/"},"modified":"2025-05-07T00:37:33","modified_gmt":"2025-05-07T00:37:33","slug":"antiestres-llavero-corazon","status":"publish","type":"product","link":"https:\/\/tumarca.co\/index.php\/product\/antiestres-llavero-corazon\/","title":{"rendered":"Antiestr\u00e9s Llavero Coraz\u00f3n"},"content":{"rendered":"<p>Llavero desestresante en forma de coraz\u00f3n.<\/p>\n","protected":false},"excerpt":{"rendered":"<p>Llavero desestresante en forma de coraz\u00f3n.<\/p>\n","protected":false},"featured_media":2300,"comment_status":"closed","ping_status":"closed","template":"","meta":[],"product_brand":[],"product_cat":[16],"product_tag":[],"class_list":{"0":"post-3761","1":"product","2":"type-product","3":"status-publish","4":"has-post-thumbnail","6":"product_cat-antiestres","8":"first","9":"instock","10":"shipping-taxable","11":"product-type-simple"},"_links":{"self":[{"href":"https:\/\/tumarca.co\/index.php\/wp-json\/wp\/v2\/product\/3761","targetHints":{"allow":["GET"]}}],"collection":[{"href":"https:\/\/tumarca.co\/index.php\/wp-json\/wp\/v2\/product"}],"about":[{"href":"https:\/\/tumarca.co\/index.php\/wp-json\/wp\/v2\/types\/product"}],"replies":[{"embeddable":true,"href":"https:\/\/tumarca.co\/index.php\/wp-json\/wp\/v2\/comments?post=3761"}],"version-history":[{"count":0,"href":"https:\/\/tumarca.co\/index.php\/wp-json\/wp\/v2\/product\/3761\/revisions"}],"wp:featuredmedia":[{"embeddable":true,"href":"https:\/\/tumarca.co\/index.php\/wp-json\/wp\/v2\/media\/2300"}],"wp:attachment":[{"href":"https:\/\/tumarca.co\/index.php\/wp-json\/wp\/v2\/media?parent=3761"}],"wp:term":[{"taxonomy":"product_brand","embeddable":true,"href":"https:\/\/tumarca.co\/index.php\/wp-json\/wp\/v2\/product_brand?post=3761"},{"taxonomy":"product_cat","embeddable":true,"href":"https:\/\/tumarca.co\/index.php\/wp-json\/wp\/v2\/product_cat?post=3761"},{"taxonomy":"product_tag","embeddable":true,"href":"https:\/\/tumarca.co\/index.php\/wp-json\/wp\/v2\/product_tag?post=3761"}],"curies":[{"name":"wp","href":"https:\/\/api.w.org\/{rel}","templated":true}]}}