{"id":3843,"date":"2019-07-03T12:08:14","date_gmt":"2019-07-03T12:08:14","guid":{"rendered":"http:\/\/tumarca.co\/2019\/index.php\/product\/import-placeholder-for-3032071\/"},"modified":"2025-05-07T01:06:05","modified_gmt":"2025-05-07T01:06:05","slug":"botella-deportiva-boston-730ml","status":"publish","type":"product","link":"https:\/\/tumarca.co\/index.php\/product\/botella-deportiva-boston-730ml\/","title":{"rendered":"Botella Deportiva Boston 730ml"},"content":{"rendered":"<p>Botella deportiva con agarradera y dise\u00f1o geom\u00e9trico en la parte inferior, tapa rosca y boquilla con cubierta pl\u00e1stica, en Trit\u00e1n, libre de BPA, ftalatos u otras sustancias nocivas. No retiene ni transmite sabores u olores, Capacidad 730 ml \/ 25 Oz. <\/p>\n","protected":false},"excerpt":{"rendered":"<p>Botella deportiva con agarradera y dise\u00f1o geom\u00e9trico en la parte inferior, tapa rosca y boquilla con cubierta pl\u00e1stica, en Trit\u00e1n, libre de BPA, ftalatos u otras sustancias nocivas. No retiene ni transmite sabores u olores, Capacidad 730 ml \/ 25 Oz.<\/p>\n","protected":false},"featured_media":2469,"comment_status":"closed","ping_status":"closed","template":"","meta":[],"product_brand":[],"product_cat":[19,20],"product_tag":[],"class_list":{"0":"post-3843","1":"product","2":"type-product","3":"status-publish","4":"has-post-thumbnail","6":"product_cat-botellas-deportivas","7":"product_cat-botellas-en-tritan","9":"first","10":"instock","11":"shipping-taxable","12":"product-type-simple"},"_links":{"self":[{"href":"https:\/\/tumarca.co\/index.php\/wp-json\/wp\/v2\/product\/3843","targetHints":{"allow":["GET"]}}],"collection":[{"href":"https:\/\/tumarca.co\/index.php\/wp-json\/wp\/v2\/product"}],"about":[{"href":"https:\/\/tumarca.co\/index.php\/wp-json\/wp\/v2\/types\/product"}],"replies":[{"embeddable":true,"href":"https:\/\/tumarca.co\/index.php\/wp-json\/wp\/v2\/comments?post=3843"}],"version-history":[{"count":0,"href":"https:\/\/tumarca.co\/index.php\/wp-json\/wp\/v2\/product\/3843\/revisions"}],"wp:featuredmedia":[{"embeddable":true,"href":"https:\/\/tumarca.co\/index.php\/wp-json\/wp\/v2\/media\/2469"}],"wp:attachment":[{"href":"https:\/\/tumarca.co\/index.php\/wp-json\/wp\/v2\/media?parent=3843"}],"wp:term":[{"taxonomy":"product_brand","embeddable":true,"href":"https:\/\/tumarca.co\/index.php\/wp-json\/wp\/v2\/product_brand?post=3843"},{"taxonomy":"product_cat","embeddable":true,"href":"https:\/\/tumarca.co\/index.php\/wp-json\/wp\/v2\/product_cat?post=3843"},{"taxonomy":"product_tag","embeddable":true,"href":"https:\/\/tumarca.co\/index.php\/wp-json\/wp\/v2\/product_tag?post=3843"}],"curies":[{"name":"wp","href":"https:\/\/api.w.org\/{rel}","templated":true}]}}