{"id":3863,"date":"2019-07-03T12:08:47","date_gmt":"2019-07-03T12:08:47","guid":{"rendered":"http:\/\/tumarca.co\/2019\/index.php\/product\/import-placeholder-for-3030769\/"},"modified":"2019-07-03T12:08:55","modified_gmt":"2019-07-03T12:08:55","slug":"vaso-termico-acero-tumb-568ml","status":"publish","type":"product","link":"https:\/\/tumarca.co\/index.php\/product\/vaso-termico-acero-tumb-568ml\/","title":{"rendered":"Vaso T\u00e9rmico Acero Tumb 568ml"},"content":{"rendered":"<p>Vaso de 568 ml \/20 Oz, con tapa herm\u00e9tica y cierre corredizo para la boquilla y evitar derrame de l\u00edquidos. Doble pared de acero inoxidable, tipo termo. Mantiene las bebidas calientes por 8 horas, bebidas fr\u00edas por 10 horas y 18 horas las bebidas con hielo.<\/p>\n","protected":false},"excerpt":{"rendered":"<p>Vaso de 568 ml \/20 Oz, con tapa herm\u00e9tica y cierre corredizo para la boquilla y evitar derrame de l\u00edquidos. Doble pared de acero inoxidable, tipo termo. Mantiene las bebidas calientes por 8 horas, bebidas fr\u00edas por 10 horas y 18 horas las bebidas con hielo.<\/p>\n","protected":false},"featured_media":2509,"comment_status":"closed","ping_status":"closed","template":"","meta":[],"product_brand":[],"product_cat":[26],"product_tag":[],"class_list":{"0":"post-3863","1":"product","2":"type-product","3":"status-publish","4":"has-post-thumbnail","6":"product_cat-termos","8":"first","9":"instock","10":"shipping-taxable","11":"product-type-simple"},"_links":{"self":[{"href":"https:\/\/tumarca.co\/index.php\/wp-json\/wp\/v2\/product\/3863","targetHints":{"allow":["GET"]}}],"collection":[{"href":"https:\/\/tumarca.co\/index.php\/wp-json\/wp\/v2\/product"}],"about":[{"href":"https:\/\/tumarca.co\/index.php\/wp-json\/wp\/v2\/types\/product"}],"replies":[{"embeddable":true,"href":"https:\/\/tumarca.co\/index.php\/wp-json\/wp\/v2\/comments?post=3863"}],"version-history":[{"count":0,"href":"https:\/\/tumarca.co\/index.php\/wp-json\/wp\/v2\/product\/3863\/revisions"}],"wp:featuredmedia":[{"embeddable":true,"href":"https:\/\/tumarca.co\/index.php\/wp-json\/wp\/v2\/media\/2509"}],"wp:attachment":[{"href":"https:\/\/tumarca.co\/index.php\/wp-json\/wp\/v2\/media?parent=3863"}],"wp:term":[{"taxonomy":"product_brand","embeddable":true,"href":"https:\/\/tumarca.co\/index.php\/wp-json\/wp\/v2\/product_brand?post=3863"},{"taxonomy":"product_cat","embeddable":true,"href":"https:\/\/tumarca.co\/index.php\/wp-json\/wp\/v2\/product_cat?post=3863"},{"taxonomy":"product_tag","embeddable":true,"href":"https:\/\/tumarca.co\/index.php\/wp-json\/wp\/v2\/product_tag?post=3863"}],"curies":[{"name":"wp","href":"https:\/\/api.w.org\/{rel}","templated":true}]}}