{"id":3866,"date":"2019-07-03T12:09:13","date_gmt":"2019-07-03T12:09:13","guid":{"rendered":"http:\/\/tumarca.co\/2019\/index.php\/product\/import-placeholder-for-3032342\/"},"modified":"2019-07-03T12:09:15","modified_gmt":"2019-07-03T12:09:15","slug":"vaso-termico-acero-vacuum-450ml","status":"publish","type":"product","link":"https:\/\/tumarca.co\/index.php\/product\/vaso-termico-acero-vacuum-450ml\/","title":{"rendered":"Vaso T\u00e9rmico Acero Vacuum 450ml"},"content":{"rendered":"<p>Vaso met\u00e1lico doble pared de aislamiento al vac\u00edo que garantiza una excelente capacidad para mantener la temperatura caliente hasta por 12 horas y fr\u00eda hasta 24 horas, con revestimiento en cobre, acabado metalizado y grabado en la parte inferior. Capacidad 450 ml \/ 15Oz.<\/p>\n","protected":false},"excerpt":{"rendered":"<p>Vaso met\u00e1lico doble pared de aislamiento al vac\u00edo que garantiza una excelente capacidad para mantener la temperatura caliente hasta por 12 horas y fr\u00eda hasta 24 horas, con revestimiento en cobre, acabado metalizado y grabado en la parte inferior. Capacidad 450 ml \/ 15Oz.<\/p>\n","protected":false},"featured_media":2517,"comment_status":"closed","ping_status":"closed","template":"","meta":[],"product_brand":[],"product_cat":[26],"product_tag":[],"class_list":{"0":"post-3866","1":"product","2":"type-product","3":"status-publish","4":"has-post-thumbnail","6":"product_cat-termos","8":"first","9":"instock","10":"shipping-taxable","11":"product-type-simple"},"_links":{"self":[{"href":"https:\/\/tumarca.co\/index.php\/wp-json\/wp\/v2\/product\/3866","targetHints":{"allow":["GET"]}}],"collection":[{"href":"https:\/\/tumarca.co\/index.php\/wp-json\/wp\/v2\/product"}],"about":[{"href":"https:\/\/tumarca.co\/index.php\/wp-json\/wp\/v2\/types\/product"}],"replies":[{"embeddable":true,"href":"https:\/\/tumarca.co\/index.php\/wp-json\/wp\/v2\/comments?post=3866"}],"version-history":[{"count":0,"href":"https:\/\/tumarca.co\/index.php\/wp-json\/wp\/v2\/product\/3866\/revisions"}],"wp:featuredmedia":[{"embeddable":true,"href":"https:\/\/tumarca.co\/index.php\/wp-json\/wp\/v2\/media\/2517"}],"wp:attachment":[{"href":"https:\/\/tumarca.co\/index.php\/wp-json\/wp\/v2\/media?parent=3866"}],"wp:term":[{"taxonomy":"product_brand","embeddable":true,"href":"https:\/\/tumarca.co\/index.php\/wp-json\/wp\/v2\/product_brand?post=3866"},{"taxonomy":"product_cat","embeddable":true,"href":"https:\/\/tumarca.co\/index.php\/wp-json\/wp\/v2\/product_cat?post=3866"},{"taxonomy":"product_tag","embeddable":true,"href":"https:\/\/tumarca.co\/index.php\/wp-json\/wp\/v2\/product_tag?post=3866"}],"curies":[{"name":"wp","href":"https:\/\/api.w.org\/{rel}","templated":true}]}}