{"id":3874,"date":"2019-07-03T12:09:15","date_gmt":"2019-07-03T12:09:15","guid":{"rendered":"http:\/\/tumarca.co\/2019\/index.php\/product\/import-placeholder-for-3031993\/"},"modified":"2019-07-03T12:09:22","modified_gmt":"2019-07-03T12:09:22","slug":"vaso-refresh-560ml","status":"publish","type":"product","link":"https:\/\/tumarca.co\/index.php\/product\/vaso-refresh-560ml\/","title":{"rendered":"Vaso Refresh 560ml"},"content":{"rendered":"<p>Vaso doble pared con acr\u00edlico que a\u00edsla los l\u00edquidos calientes o fr\u00edos, tapa resistente a derrames con cierre herm\u00e9tico. capacidad 19 Oz \/ 560 ml. <\/p>\n","protected":false},"excerpt":{"rendered":"<p>Vaso doble pared con acr\u00edlico que a\u00edsla los l\u00edquidos calientes o fr\u00edos, tapa resistente a derrames con cierre herm\u00e9tico. capacidad 19 Oz \/ 560 ml.<\/p>\n","protected":false},"featured_media":2533,"comment_status":"closed","ping_status":"closed","template":"","meta":[],"product_brand":[],"product_cat":[27],"product_tag":[],"class_list":{"0":"post-3874","1":"product","2":"type-product","3":"status-publish","4":"has-post-thumbnail","6":"product_cat-vasos-plasticos","8":"first","9":"instock","10":"shipping-taxable","11":"product-type-simple"},"_links":{"self":[{"href":"https:\/\/tumarca.co\/index.php\/wp-json\/wp\/v2\/product\/3874","targetHints":{"allow":["GET"]}}],"collection":[{"href":"https:\/\/tumarca.co\/index.php\/wp-json\/wp\/v2\/product"}],"about":[{"href":"https:\/\/tumarca.co\/index.php\/wp-json\/wp\/v2\/types\/product"}],"replies":[{"embeddable":true,"href":"https:\/\/tumarca.co\/index.php\/wp-json\/wp\/v2\/comments?post=3874"}],"version-history":[{"count":0,"href":"https:\/\/tumarca.co\/index.php\/wp-json\/wp\/v2\/product\/3874\/revisions"}],"wp:featuredmedia":[{"embeddable":true,"href":"https:\/\/tumarca.co\/index.php\/wp-json\/wp\/v2\/media\/2533"}],"wp:attachment":[{"href":"https:\/\/tumarca.co\/index.php\/wp-json\/wp\/v2\/media?parent=3874"}],"wp:term":[{"taxonomy":"product_brand","embeddable":true,"href":"https:\/\/tumarca.co\/index.php\/wp-json\/wp\/v2\/product_brand?post=3874"},{"taxonomy":"product_cat","embeddable":true,"href":"https:\/\/tumarca.co\/index.php\/wp-json\/wp\/v2\/product_cat?post=3874"},{"taxonomy":"product_tag","embeddable":true,"href":"https:\/\/tumarca.co\/index.php\/wp-json\/wp\/v2\/product_tag?post=3874"}],"curies":[{"name":"wp","href":"https:\/\/api.w.org\/{rel}","templated":true}]}}