{"id":3878,"date":"2019-07-03T12:09:45","date_gmt":"2019-07-03T12:09:45","guid":{"rendered":"http:\/\/tumarca.co\/2019\/index.php\/product\/import-placeholder-for-3032572\/"},"modified":"2019-07-03T12:09:49","modified_gmt":"2019-07-03T12:09:49","slug":"vaso-deportivo-mountain-568ml","status":"publish","type":"product","link":"https:\/\/tumarca.co\/index.php\/product\/vaso-deportivo-mountain-568ml\/","title":{"rendered":"Vaso Deportivo Mountain  568ml"},"content":{"rendered":"<p>Vaso con tapa viajera y boquilla corrediza. Su dise\u00f1o permite colocarlo en el porta-vasos del veh\u00edculo de forma c\u00f3moda. Capacidad 568 ml \/19 Oz.<\/p>\n","protected":false},"excerpt":{"rendered":"<p>Vaso con tapa viajera y boquilla corrediza. Su dise\u00f1o permite colocarlo en el porta-vasos del veh\u00edculo de forma c\u00f3moda. Capacidad 568 ml \/19 Oz.<\/p>\n","protected":false},"featured_media":2541,"comment_status":"closed","ping_status":"closed","template":"","meta":[],"product_brand":[],"product_cat":[27],"product_tag":[],"class_list":{"0":"post-3878","1":"product","2":"type-product","3":"status-publish","4":"has-post-thumbnail","6":"product_cat-vasos-plasticos","8":"first","9":"instock","10":"shipping-taxable","11":"product-type-simple"},"_links":{"self":[{"href":"https:\/\/tumarca.co\/index.php\/wp-json\/wp\/v2\/product\/3878","targetHints":{"allow":["GET"]}}],"collection":[{"href":"https:\/\/tumarca.co\/index.php\/wp-json\/wp\/v2\/product"}],"about":[{"href":"https:\/\/tumarca.co\/index.php\/wp-json\/wp\/v2\/types\/product"}],"replies":[{"embeddable":true,"href":"https:\/\/tumarca.co\/index.php\/wp-json\/wp\/v2\/comments?post=3878"}],"version-history":[{"count":0,"href":"https:\/\/tumarca.co\/index.php\/wp-json\/wp\/v2\/product\/3878\/revisions"}],"wp:featuredmedia":[{"embeddable":true,"href":"https:\/\/tumarca.co\/index.php\/wp-json\/wp\/v2\/media\/2541"}],"wp:attachment":[{"href":"https:\/\/tumarca.co\/index.php\/wp-json\/wp\/v2\/media?parent=3878"}],"wp:term":[{"taxonomy":"product_brand","embeddable":true,"href":"https:\/\/tumarca.co\/index.php\/wp-json\/wp\/v2\/product_brand?post=3878"},{"taxonomy":"product_cat","embeddable":true,"href":"https:\/\/tumarca.co\/index.php\/wp-json\/wp\/v2\/product_cat?post=3878"},{"taxonomy":"product_tag","embeddable":true,"href":"https:\/\/tumarca.co\/index.php\/wp-json\/wp\/v2\/product_tag?post=3878"}],"curies":[{"name":"wp","href":"https:\/\/api.w.org\/{rel}","templated":true}]}}