{"id":3942,"date":"2019-07-03T12:14:25","date_gmt":"2019-07-03T12:14:25","guid":{"rendered":"http:\/\/tumarca.co\/2019\/index.php\/product\/import-placeholder-for-3032870\/"},"modified":"2019-07-03T12:14:29","modified_gmt":"2019-07-03T12:14:29","slug":"morral-valencia","status":"publish","type":"product","link":"https:\/\/tumarca.co\/index.php\/product\/morral-valencia\/","title":{"rendered":"Morral Valencia"},"content":{"rendered":"<p>Morral con cargaderas acolchadas, bolsillo principal con cierre de doble cremallera y compartimento reforzado para port\u00e1til de 14&#8243;, bolsillo frontal con cierre en cremallera tipo sobre y cargaderas. Incluye placa met\u00e1lica para marca l\u00e1ser.<\/p>\n","protected":false},"excerpt":{"rendered":"<p>Morral con cargaderas acolchadas, bolsillo principal con cierre de doble cremallera y compartimento reforzado para port\u00e1til de 14&#8243;, bolsillo frontal con cierre en cremallera tipo sobre y cargaderas. Incluye placa met\u00e1lica para marca l\u00e1ser.<\/p>\n","protected":false},"featured_media":2665,"comment_status":"closed","ping_status":"closed","template":"","meta":[],"product_brand":[],"product_cat":[33],"product_tag":[],"class_list":{"0":"post-3942","1":"product","2":"type-product","3":"status-publish","4":"has-post-thumbnail","6":"product_cat-maletas-y-morrales","8":"first","9":"instock","10":"shipping-taxable","11":"product-type-simple"},"_links":{"self":[{"href":"https:\/\/tumarca.co\/index.php\/wp-json\/wp\/v2\/product\/3942","targetHints":{"allow":["GET"]}}],"collection":[{"href":"https:\/\/tumarca.co\/index.php\/wp-json\/wp\/v2\/product"}],"about":[{"href":"https:\/\/tumarca.co\/index.php\/wp-json\/wp\/v2\/types\/product"}],"replies":[{"embeddable":true,"href":"https:\/\/tumarca.co\/index.php\/wp-json\/wp\/v2\/comments?post=3942"}],"version-history":[{"count":0,"href":"https:\/\/tumarca.co\/index.php\/wp-json\/wp\/v2\/product\/3942\/revisions"}],"wp:featuredmedia":[{"embeddable":true,"href":"https:\/\/tumarca.co\/index.php\/wp-json\/wp\/v2\/media\/2665"}],"wp:attachment":[{"href":"https:\/\/tumarca.co\/index.php\/wp-json\/wp\/v2\/media?parent=3942"}],"wp:term":[{"taxonomy":"product_brand","embeddable":true,"href":"https:\/\/tumarca.co\/index.php\/wp-json\/wp\/v2\/product_brand?post=3942"},{"taxonomy":"product_cat","embeddable":true,"href":"https:\/\/tumarca.co\/index.php\/wp-json\/wp\/v2\/product_cat?post=3942"},{"taxonomy":"product_tag","embeddable":true,"href":"https:\/\/tumarca.co\/index.php\/wp-json\/wp\/v2\/product_tag?post=3942"}],"curies":[{"name":"wp","href":"https:\/\/api.w.org\/{rel}","templated":true}]}}