{"id":3943,"date":"2019-07-03T12:14:50","date_gmt":"2019-07-03T12:14:50","guid":{"rendered":"http:\/\/tumarca.co\/2019\/index.php\/product\/import-placeholder-for-3032875\/"},"modified":"2019-07-03T12:14:52","modified_gmt":"2019-07-03T12:14:52","slug":"morral-temple","status":"publish","type":"product","link":"https:\/\/tumarca.co\/index.php\/product\/morral-temple\/","title":{"rendered":"Morral Temple"},"content":{"rendered":"<p>Morral con cargaderas acolchadas y bolsillo principal con cierre en cremallera con compartimento acolchado y velcro para port\u00e1til de 15&#8243;, dos bolsillos frontales con cierre en cremallera. Incluye placa met\u00e1lica para marca l\u00e1ser.<\/p>\n","protected":false},"excerpt":{"rendered":"<p>Morral con cargaderas acolchadas y bolsillo principal con cierre en cremallera con compartimento acolchado y velcro para port\u00e1til de 15&#8243;, dos bolsillos frontales con cierre en cremallera. Incluye placa met\u00e1lica para marca l\u00e1ser.<\/p>\n","protected":false},"featured_media":2667,"comment_status":"closed","ping_status":"closed","template":"","meta":[],"product_brand":[],"product_cat":[33],"product_tag":[],"class_list":{"0":"post-3943","1":"product","2":"type-product","3":"status-publish","4":"has-post-thumbnail","6":"product_cat-maletas-y-morrales","8":"first","9":"instock","10":"shipping-taxable","11":"product-type-simple"},"_links":{"self":[{"href":"https:\/\/tumarca.co\/index.php\/wp-json\/wp\/v2\/product\/3943","targetHints":{"allow":["GET"]}}],"collection":[{"href":"https:\/\/tumarca.co\/index.php\/wp-json\/wp\/v2\/product"}],"about":[{"href":"https:\/\/tumarca.co\/index.php\/wp-json\/wp\/v2\/types\/product"}],"replies":[{"embeddable":true,"href":"https:\/\/tumarca.co\/index.php\/wp-json\/wp\/v2\/comments?post=3943"}],"version-history":[{"count":0,"href":"https:\/\/tumarca.co\/index.php\/wp-json\/wp\/v2\/product\/3943\/revisions"}],"wp:featuredmedia":[{"embeddable":true,"href":"https:\/\/tumarca.co\/index.php\/wp-json\/wp\/v2\/media\/2667"}],"wp:attachment":[{"href":"https:\/\/tumarca.co\/index.php\/wp-json\/wp\/v2\/media?parent=3943"}],"wp:term":[{"taxonomy":"product_brand","embeddable":true,"href":"https:\/\/tumarca.co\/index.php\/wp-json\/wp\/v2\/product_brand?post=3943"},{"taxonomy":"product_cat","embeddable":true,"href":"https:\/\/tumarca.co\/index.php\/wp-json\/wp\/v2\/product_cat?post=3943"},{"taxonomy":"product_tag","embeddable":true,"href":"https:\/\/tumarca.co\/index.php\/wp-json\/wp\/v2\/product_tag?post=3943"}],"curies":[{"name":"wp","href":"https:\/\/api.w.org\/{rel}","templated":true}]}}