{"id":3945,"date":"2019-07-03T12:14:51","date_gmt":"2019-07-03T12:14:51","guid":{"rendered":"http:\/\/tumarca.co\/2019\/index.php\/product\/import-placeholder-for-3032891\/"},"modified":"2019-07-03T12:14:53","modified_gmt":"2019-07-03T12:14:53","slug":"portalaptop-lancaster","status":"publish","type":"product","link":"https:\/\/tumarca.co\/index.php\/product\/portalaptop-lancaster\/","title":{"rendered":"Portalaptop Lancaster"},"content":{"rendered":"<p>Morral con agarradera en Aluminio y cargaderas acolchadas, 2 bolsillos principales con doble cremallera, uno con compartimento con velcro para port\u00e1til de 14&#8243; y el otro con  bolsillo interior para bol\u00edgrafo y libreta. Bolsillo frontal con cierre de cremallera. Incluye placa met\u00e1lica para marca l\u00e1ser.<\/p>\n","protected":false},"excerpt":{"rendered":"<p>Morral con agarradera en Aluminio y cargaderas acolchadas, 2 bolsillos principales con doble cremallera, uno con compartimento con velcro para port\u00e1til de 14&#8243; y el otro con bolsillo interior para bol\u00edgrafo y libreta. Bolsillo frontal con cierre de cremallera. Incluye placa met\u00e1lica para marca l\u00e1ser.<\/p>\n","protected":false},"featured_media":2671,"comment_status":"closed","ping_status":"closed","template":"","meta":[],"product_brand":[],"product_cat":[33],"product_tag":[],"class_list":{"0":"post-3945","1":"product","2":"type-product","3":"status-publish","4":"has-post-thumbnail","6":"product_cat-maletas-y-morrales","8":"first","9":"instock","10":"shipping-taxable","11":"product-type-simple"},"_links":{"self":[{"href":"https:\/\/tumarca.co\/index.php\/wp-json\/wp\/v2\/product\/3945","targetHints":{"allow":["GET"]}}],"collection":[{"href":"https:\/\/tumarca.co\/index.php\/wp-json\/wp\/v2\/product"}],"about":[{"href":"https:\/\/tumarca.co\/index.php\/wp-json\/wp\/v2\/types\/product"}],"replies":[{"embeddable":true,"href":"https:\/\/tumarca.co\/index.php\/wp-json\/wp\/v2\/comments?post=3945"}],"version-history":[{"count":0,"href":"https:\/\/tumarca.co\/index.php\/wp-json\/wp\/v2\/product\/3945\/revisions"}],"wp:featuredmedia":[{"embeddable":true,"href":"https:\/\/tumarca.co\/index.php\/wp-json\/wp\/v2\/media\/2671"}],"wp:attachment":[{"href":"https:\/\/tumarca.co\/index.php\/wp-json\/wp\/v2\/media?parent=3945"}],"wp:term":[{"taxonomy":"product_brand","embeddable":true,"href":"https:\/\/tumarca.co\/index.php\/wp-json\/wp\/v2\/product_brand?post=3945"},{"taxonomy":"product_cat","embeddable":true,"href":"https:\/\/tumarca.co\/index.php\/wp-json\/wp\/v2\/product_cat?post=3945"},{"taxonomy":"product_tag","embeddable":true,"href":"https:\/\/tumarca.co\/index.php\/wp-json\/wp\/v2\/product_tag?post=3945"}],"curies":[{"name":"wp","href":"https:\/\/api.w.org\/{rel}","templated":true}]}}