{"id":3966,"date":"2019-07-03T12:16:01","date_gmt":"2019-07-03T12:16:01","guid":{"rendered":"http:\/\/tumarca.co\/2019\/index.php\/product\/import-placeholder-for-3030823\/"},"modified":"2019-07-03T12:16:05","modified_gmt":"2019-07-03T12:16:05","slug":"basket-trobe","status":"publish","type":"product","link":"https:\/\/tumarca.co\/index.php\/product\/basket-trobe\/","title":{"rendered":"Basket Trobe"},"content":{"rendered":"<p>Canasta con agarraderas removibles, revestimento interior en PEVA. Especial para disfrutar del campo en un agradable picnic con la familia o amigos en d\u00edas de sol. Dise\u00f1o pr\u00e1ctico de utilizar. <\/p>\n","protected":false},"excerpt":{"rendered":"<p>Canasta con agarraderas removibles, revestimento interior en PEVA. Especial para disfrutar del campo en un agradable picnic con la familia o amigos en d\u00edas de sol. Dise\u00f1o pr\u00e1ctico de utilizar.<\/p>\n","protected":false},"featured_media":2711,"comment_status":"closed","ping_status":"closed","template":"","meta":[],"product_brand":[],"product_cat":[34],"product_tag":[],"class_list":{"0":"post-3966","1":"product","2":"type-product","3":"status-publish","4":"has-post-thumbnail","6":"product_cat-neveras-loncheras","8":"first","9":"instock","10":"shipping-taxable","11":"product-type-simple"},"_links":{"self":[{"href":"https:\/\/tumarca.co\/index.php\/wp-json\/wp\/v2\/product\/3966","targetHints":{"allow":["GET"]}}],"collection":[{"href":"https:\/\/tumarca.co\/index.php\/wp-json\/wp\/v2\/product"}],"about":[{"href":"https:\/\/tumarca.co\/index.php\/wp-json\/wp\/v2\/types\/product"}],"replies":[{"embeddable":true,"href":"https:\/\/tumarca.co\/index.php\/wp-json\/wp\/v2\/comments?post=3966"}],"version-history":[{"count":0,"href":"https:\/\/tumarca.co\/index.php\/wp-json\/wp\/v2\/product\/3966\/revisions"}],"wp:featuredmedia":[{"embeddable":true,"href":"https:\/\/tumarca.co\/index.php\/wp-json\/wp\/v2\/media\/2711"}],"wp:attachment":[{"href":"https:\/\/tumarca.co\/index.php\/wp-json\/wp\/v2\/media?parent=3966"}],"wp:term":[{"taxonomy":"product_brand","embeddable":true,"href":"https:\/\/tumarca.co\/index.php\/wp-json\/wp\/v2\/product_brand?post=3966"},{"taxonomy":"product_cat","embeddable":true,"href":"https:\/\/tumarca.co\/index.php\/wp-json\/wp\/v2\/product_cat?post=3966"},{"taxonomy":"product_tag","embeddable":true,"href":"https:\/\/tumarca.co\/index.php\/wp-json\/wp\/v2\/product_tag?post=3966"}],"curies":[{"name":"wp","href":"https:\/\/api.w.org\/{rel}","templated":true}]}}