{"id":3969,"date":"2019-07-03T12:16:01","date_gmt":"2019-07-03T12:16:01","guid":{"rendered":"http:\/\/tumarca.co\/2019\/index.php\/product\/import-placeholder-for-3032643\/"},"modified":"2019-07-03T12:16:07","modified_gmt":"2019-07-03T12:16:07","slug":"lonchera-nova","status":"publish","type":"product","link":"https:\/\/tumarca.co\/index.php\/product\/lonchera-nova\/","title":{"rendered":"Lonchera Nova"},"content":{"rendered":"<p>Lonchera t\u00e9rmica con cremallera, revestimiento interior en aluminio para conservar la temperatura, pr\u00e1cticas agarraderas, bolsillo delantero tipo sobre y compartimiento para identificaci\u00f3n.<\/p>\n","protected":false},"excerpt":{"rendered":"<p>Lonchera t\u00e9rmica con cremallera, revestimiento interior en aluminio para conservar la temperatura, pr\u00e1cticas agarraderas, bolsillo delantero tipo sobre y compartimiento para identificaci\u00f3n.<\/p>\n","protected":false},"featured_media":2717,"comment_status":"closed","ping_status":"closed","template":"","meta":[],"product_brand":[],"product_cat":[34],"product_tag":[],"class_list":{"0":"post-3969","1":"product","2":"type-product","3":"status-publish","4":"has-post-thumbnail","6":"product_cat-neveras-loncheras","8":"first","9":"instock","10":"shipping-taxable","11":"product-type-simple"},"_links":{"self":[{"href":"https:\/\/tumarca.co\/index.php\/wp-json\/wp\/v2\/product\/3969","targetHints":{"allow":["GET"]}}],"collection":[{"href":"https:\/\/tumarca.co\/index.php\/wp-json\/wp\/v2\/product"}],"about":[{"href":"https:\/\/tumarca.co\/index.php\/wp-json\/wp\/v2\/types\/product"}],"replies":[{"embeddable":true,"href":"https:\/\/tumarca.co\/index.php\/wp-json\/wp\/v2\/comments?post=3969"}],"version-history":[{"count":0,"href":"https:\/\/tumarca.co\/index.php\/wp-json\/wp\/v2\/product\/3969\/revisions"}],"wp:featuredmedia":[{"embeddable":true,"href":"https:\/\/tumarca.co\/index.php\/wp-json\/wp\/v2\/media\/2717"}],"wp:attachment":[{"href":"https:\/\/tumarca.co\/index.php\/wp-json\/wp\/v2\/media?parent=3969"}],"wp:term":[{"taxonomy":"product_brand","embeddable":true,"href":"https:\/\/tumarca.co\/index.php\/wp-json\/wp\/v2\/product_brand?post=3969"},{"taxonomy":"product_cat","embeddable":true,"href":"https:\/\/tumarca.co\/index.php\/wp-json\/wp\/v2\/product_cat?post=3969"},{"taxonomy":"product_tag","embeddable":true,"href":"https:\/\/tumarca.co\/index.php\/wp-json\/wp\/v2\/product_tag?post=3969"}],"curies":[{"name":"wp","href":"https:\/\/api.w.org\/{rel}","templated":true}]}}