{"id":3978,"date":"2019-07-03T12:16:52","date_gmt":"2019-07-03T12:16:52","guid":{"rendered":"http:\/\/tumarca.co\/2019\/index.php\/product\/import-placeholder-for-3028038\/"},"modified":"2019-07-08T09:24:49","modified_gmt":"2019-07-08T09:24:49","slug":"mochila-kambrel-logan","status":"publish","type":"product","link":"https:\/\/tumarca.co\/index.php\/product\/mochila-kambrel-logan\/","title":{"rendered":"Mochila Kambrel Logan"},"content":{"rendered":"<p>Bolsa ecol\u00f3gica con cord\u00f3n para ajustar y cargar. \u00datil para llevar zapatos, balones, libros, ropa, etc.<\/p>\n","protected":false},"excerpt":{"rendered":"<p>Bolsa ecol\u00f3gica con cord\u00f3n para ajustar y cargar. \u00datil para llevar zapatos, balones, libros, ropa, etc.<\/p>\n","protected":false},"featured_media":2735,"comment_status":"closed","ping_status":"closed","template":"","meta":[],"product_brand":[],"product_cat":[36,35],"product_tag":[3682],"class_list":{"0":"post-3978","1":"product","2":"type-product","3":"status-publish","4":"has-post-thumbnail","6":"product_cat-morral","7":"product_cat-tula","8":"product_tag-ecologico","10":"first","11":"instock","12":"shipping-taxable","13":"product-type-simple"},"_links":{"self":[{"href":"https:\/\/tumarca.co\/index.php\/wp-json\/wp\/v2\/product\/3978","targetHints":{"allow":["GET"]}}],"collection":[{"href":"https:\/\/tumarca.co\/index.php\/wp-json\/wp\/v2\/product"}],"about":[{"href":"https:\/\/tumarca.co\/index.php\/wp-json\/wp\/v2\/types\/product"}],"replies":[{"embeddable":true,"href":"https:\/\/tumarca.co\/index.php\/wp-json\/wp\/v2\/comments?post=3978"}],"version-history":[{"count":0,"href":"https:\/\/tumarca.co\/index.php\/wp-json\/wp\/v2\/product\/3978\/revisions"}],"wp:featuredmedia":[{"embeddable":true,"href":"https:\/\/tumarca.co\/index.php\/wp-json\/wp\/v2\/media\/2735"}],"wp:attachment":[{"href":"https:\/\/tumarca.co\/index.php\/wp-json\/wp\/v2\/media?parent=3978"}],"wp:term":[{"taxonomy":"product_brand","embeddable":true,"href":"https:\/\/tumarca.co\/index.php\/wp-json\/wp\/v2\/product_brand?post=3978"},{"taxonomy":"product_cat","embeddable":true,"href":"https:\/\/tumarca.co\/index.php\/wp-json\/wp\/v2\/product_cat?post=3978"},{"taxonomy":"product_tag","embeddable":true,"href":"https:\/\/tumarca.co\/index.php\/wp-json\/wp\/v2\/product_tag?post=3978"}],"curies":[{"name":"wp","href":"https:\/\/api.w.org\/{rel}","templated":true}]}}