{"id":3982,"date":"2019-07-03T12:17:01","date_gmt":"2019-07-03T12:17:01","guid":{"rendered":"http:\/\/tumarca.co\/2019\/index.php\/product\/import-placeholder-for-3028574\/"},"modified":"2019-07-03T12:17:03","modified_gmt":"2019-07-03T12:17:03","slug":"mochila-liam","status":"publish","type":"product","link":"https:\/\/tumarca.co\/index.php\/product\/mochila-liam\/","title":{"rendered":"Mochila Liam"},"content":{"rendered":"<p>Bolsa con cord\u00f3n para ajustar y cargar f\u00e1cilmente. Bolsillo delantero con cremallera y orificio para aud\u00edfonos. Con refuerzo en las esquinas.<\/p>\n","protected":false},"excerpt":{"rendered":"<p>Bolsa con cord\u00f3n para ajustar y cargar f\u00e1cilmente. Bolsillo delantero con cremallera y orificio para aud\u00edfonos. Con refuerzo en las esquinas.<\/p>\n","protected":false},"featured_media":2743,"comment_status":"closed","ping_status":"closed","template":"","meta":[],"product_brand":[],"product_cat":[36,35],"product_tag":[],"class_list":{"0":"post-3982","1":"product","2":"type-product","3":"status-publish","4":"has-post-thumbnail","6":"product_cat-morral","7":"product_cat-tula","9":"first","10":"instock","11":"shipping-taxable","12":"product-type-simple"},"_links":{"self":[{"href":"https:\/\/tumarca.co\/index.php\/wp-json\/wp\/v2\/product\/3982","targetHints":{"allow":["GET"]}}],"collection":[{"href":"https:\/\/tumarca.co\/index.php\/wp-json\/wp\/v2\/product"}],"about":[{"href":"https:\/\/tumarca.co\/index.php\/wp-json\/wp\/v2\/types\/product"}],"replies":[{"embeddable":true,"href":"https:\/\/tumarca.co\/index.php\/wp-json\/wp\/v2\/comments?post=3982"}],"version-history":[{"count":0,"href":"https:\/\/tumarca.co\/index.php\/wp-json\/wp\/v2\/product\/3982\/revisions"}],"wp:featuredmedia":[{"embeddable":true,"href":"https:\/\/tumarca.co\/index.php\/wp-json\/wp\/v2\/media\/2743"}],"wp:attachment":[{"href":"https:\/\/tumarca.co\/index.php\/wp-json\/wp\/v2\/media?parent=3982"}],"wp:term":[{"taxonomy":"product_brand","embeddable":true,"href":"https:\/\/tumarca.co\/index.php\/wp-json\/wp\/v2\/product_brand?post=3982"},{"taxonomy":"product_cat","embeddable":true,"href":"https:\/\/tumarca.co\/index.php\/wp-json\/wp\/v2\/product_cat?post=3982"},{"taxonomy":"product_tag","embeddable":true,"href":"https:\/\/tumarca.co\/index.php\/wp-json\/wp\/v2\/product_tag?post=3982"}],"curies":[{"name":"wp","href":"https:\/\/api.w.org\/{rel}","templated":true}]}}