{"id":4059,"date":"2019-07-03T12:21:42","date_gmt":"2019-07-03T12:21:42","guid":{"rendered":"http:\/\/tumarca.co\/2019\/index.php\/product\/import-placeholder-for-3020961\/"},"modified":"2025-05-07T00:47:39","modified_gmt":"2025-05-07T00:47:39","slug":"boligrafo-luton-stylus","status":"publish","type":"product","link":"https:\/\/tumarca.co\/index.php\/product\/boligrafo-luton-stylus\/","title":{"rendered":"Bol\u00edgrafo Luton Stylus"},"content":{"rendered":"<p>Bol\u00edgrafo en aluminio con touch para pantallas t\u00e1ctiles del mismo color del bol\u00edgrafo, sistema de apertura Twist.<\/p>\n","protected":false},"excerpt":{"rendered":"<p>Bol\u00edgrafo en aluminio con touch para pantallas t\u00e1ctiles del mismo color del bol\u00edgrafo, sistema de apertura Twist.<\/p>\n","protected":false},"featured_media":2893,"comment_status":"closed","ping_status":"closed","template":"","meta":[],"product_brand":[],"product_cat":[7193,40],"product_tag":[],"class_list":{"0":"post-4059","1":"product","2":"type-product","3":"status-publish","4":"has-post-thumbnail","6":"product_cat-articulos-escritura","7":"product_cat-boligrafos-en-aluminio","9":"first","10":"instock","11":"shipping-taxable","12":"product-type-simple"},"_links":{"self":[{"href":"https:\/\/tumarca.co\/index.php\/wp-json\/wp\/v2\/product\/4059","targetHints":{"allow":["GET"]}}],"collection":[{"href":"https:\/\/tumarca.co\/index.php\/wp-json\/wp\/v2\/product"}],"about":[{"href":"https:\/\/tumarca.co\/index.php\/wp-json\/wp\/v2\/types\/product"}],"replies":[{"embeddable":true,"href":"https:\/\/tumarca.co\/index.php\/wp-json\/wp\/v2\/comments?post=4059"}],"version-history":[{"count":0,"href":"https:\/\/tumarca.co\/index.php\/wp-json\/wp\/v2\/product\/4059\/revisions"}],"wp:featuredmedia":[{"embeddable":true,"href":"https:\/\/tumarca.co\/index.php\/wp-json\/wp\/v2\/media\/2893"}],"wp:attachment":[{"href":"https:\/\/tumarca.co\/index.php\/wp-json\/wp\/v2\/media?parent=4059"}],"wp:term":[{"taxonomy":"product_brand","embeddable":true,"href":"https:\/\/tumarca.co\/index.php\/wp-json\/wp\/v2\/product_brand?post=4059"},{"taxonomy":"product_cat","embeddable":true,"href":"https:\/\/tumarca.co\/index.php\/wp-json\/wp\/v2\/product_cat?post=4059"},{"taxonomy":"product_tag","embeddable":true,"href":"https:\/\/tumarca.co\/index.php\/wp-json\/wp\/v2\/product_tag?post=4059"}],"curies":[{"name":"wp","href":"https:\/\/api.w.org\/{rel}","templated":true}]}}