{"id":4062,"date":"2019-07-03T12:21:52","date_gmt":"2019-07-03T12:21:52","guid":{"rendered":"http:\/\/tumarca.co\/2019\/index.php\/product\/import-placeholder-for-3007041\/"},"modified":"2019-07-03T12:21:53","modified_gmt":"2019-07-03T12:21:53","slug":"boligrafo-manchester-plateado","status":"publish","type":"product","link":"https:\/\/tumarca.co\/index.php\/product\/boligrafo-manchester-plateado\/","title":{"rendered":"Bol\u00edgrafo Manchester Plateado"},"content":{"rendered":"<p>Bol\u00edgrafo pl\u00e1stico sistema retr\u00e1ctil.<\/p>\n","protected":false},"excerpt":{"rendered":"<p>Bol\u00edgrafo pl\u00e1stico sistema retr\u00e1ctil.<\/p>\n","protected":false},"featured_media":2899,"comment_status":"closed","ping_status":"closed","template":"","meta":[],"product_brand":[],"product_cat":[42],"product_tag":[],"class_list":{"0":"post-4062","1":"product","2":"type-product","3":"status-publish","4":"has-post-thumbnail","6":"product_cat-boligrafos-plasticos","8":"first","9":"instock","10":"shipping-taxable","11":"product-type-simple"},"_links":{"self":[{"href":"https:\/\/tumarca.co\/index.php\/wp-json\/wp\/v2\/product\/4062","targetHints":{"allow":["GET"]}}],"collection":[{"href":"https:\/\/tumarca.co\/index.php\/wp-json\/wp\/v2\/product"}],"about":[{"href":"https:\/\/tumarca.co\/index.php\/wp-json\/wp\/v2\/types\/product"}],"replies":[{"embeddable":true,"href":"https:\/\/tumarca.co\/index.php\/wp-json\/wp\/v2\/comments?post=4062"}],"version-history":[{"count":0,"href":"https:\/\/tumarca.co\/index.php\/wp-json\/wp\/v2\/product\/4062\/revisions"}],"wp:featuredmedia":[{"embeddable":true,"href":"https:\/\/tumarca.co\/index.php\/wp-json\/wp\/v2\/media\/2899"}],"wp:attachment":[{"href":"https:\/\/tumarca.co\/index.php\/wp-json\/wp\/v2\/media?parent=4062"}],"wp:term":[{"taxonomy":"product_brand","embeddable":true,"href":"https:\/\/tumarca.co\/index.php\/wp-json\/wp\/v2\/product_brand?post=4062"},{"taxonomy":"product_cat","embeddable":true,"href":"https:\/\/tumarca.co\/index.php\/wp-json\/wp\/v2\/product_cat?post=4062"},{"taxonomy":"product_tag","embeddable":true,"href":"https:\/\/tumarca.co\/index.php\/wp-json\/wp\/v2\/product_tag?post=4062"}],"curies":[{"name":"wp","href":"https:\/\/api.w.org\/{rel}","templated":true}]}}