{"id":4084,"date":"2019-07-03T12:23:15","date_gmt":"2019-07-03T12:23:15","guid":{"rendered":"http:\/\/tumarca.co\/2019\/index.php\/product\/import-placeholder-for-3015211\/"},"modified":"2019-07-03T12:23:17","modified_gmt":"2019-07-03T12:23:17","slug":"boligrafo-deli-stylus","status":"publish","type":"product","link":"https:\/\/tumarca.co\/index.php\/product\/boligrafo-deli-stylus\/","title":{"rendered":"Bol\u00edgrafo Deli Stylus"},"content":{"rendered":"<p>Bol\u00edgrafo pl\u00e1stico. Sistema retr\u00e1ctil y Touch en la punta para utilizarlo con pantallas t\u00e1ctiles.<\/p>\n","protected":false},"excerpt":{"rendered":"<p>Bol\u00edgrafo pl\u00e1stico. Sistema retr\u00e1ctil y Touch en la punta para utilizarlo con pantallas t\u00e1ctiles.<\/p>\n","protected":false},"featured_media":2943,"comment_status":"closed","ping_status":"closed","template":"","meta":[],"product_brand":[],"product_cat":[42],"product_tag":[],"class_list":{"0":"post-4084","1":"product","2":"type-product","3":"status-publish","4":"has-post-thumbnail","6":"product_cat-boligrafos-plasticos","8":"first","9":"instock","10":"shipping-taxable","11":"product-type-simple"},"_links":{"self":[{"href":"https:\/\/tumarca.co\/index.php\/wp-json\/wp\/v2\/product\/4084","targetHints":{"allow":["GET"]}}],"collection":[{"href":"https:\/\/tumarca.co\/index.php\/wp-json\/wp\/v2\/product"}],"about":[{"href":"https:\/\/tumarca.co\/index.php\/wp-json\/wp\/v2\/types\/product"}],"replies":[{"embeddable":true,"href":"https:\/\/tumarca.co\/index.php\/wp-json\/wp\/v2\/comments?post=4084"}],"version-history":[{"count":0,"href":"https:\/\/tumarca.co\/index.php\/wp-json\/wp\/v2\/product\/4084\/revisions"}],"wp:featuredmedia":[{"embeddable":true,"href":"https:\/\/tumarca.co\/index.php\/wp-json\/wp\/v2\/media\/2943"}],"wp:attachment":[{"href":"https:\/\/tumarca.co\/index.php\/wp-json\/wp\/v2\/media?parent=4084"}],"wp:term":[{"taxonomy":"product_brand","embeddable":true,"href":"https:\/\/tumarca.co\/index.php\/wp-json\/wp\/v2\/product_brand?post=4084"},{"taxonomy":"product_cat","embeddable":true,"href":"https:\/\/tumarca.co\/index.php\/wp-json\/wp\/v2\/product_cat?post=4084"},{"taxonomy":"product_tag","embeddable":true,"href":"https:\/\/tumarca.co\/index.php\/wp-json\/wp\/v2\/product_tag?post=4084"}],"curies":[{"name":"wp","href":"https:\/\/api.w.org\/{rel}","templated":true}]}}