{"id":4115,"date":"2019-07-03T12:25:26","date_gmt":"2019-07-03T12:25:26","guid":{"rendered":"http:\/\/tumarca.co\/2019\/index.php\/product\/import-placeholder-for-3031158\/"},"modified":"2019-10-03T13:18:28","modified_gmt":"2019-10-03T13:18:28","slug":"boligrafo-fuyu","status":"publish","type":"product","link":"https:\/\/tumarca.co\/index.php\/product\/boligrafo-fuyu\/","title":{"rendered":"Bol\u00edgrafo Fuyu"},"content":{"rendered":"<p>Bol\u00edgrafo pl\u00e1stico con punta plateada y acabado brillante, clip de color negro, sistema de apertura retr\u00e1ctil, c\u00f3modo antideslizante con dise\u00f1o geom\u00e9trico. <\/p>\n","protected":false},"excerpt":{"rendered":"<p>Bol\u00edgrafo pl\u00e1stico con punta plateada y acabado brillante, clip de color negro, sistema de apertura retr\u00e1ctil, c\u00f3modo antideslizante con dise\u00f1o geom\u00e9trico.<\/p>\n","protected":false},"featured_media":3006,"comment_status":"closed","ping_status":"closed","template":"","meta":[],"product_brand":[],"product_cat":[42],"product_tag":[4561,4563,4560,4562],"class_list":{"0":"post-4115","1":"product","2":"type-product","3":"status-publish","4":"has-post-thumbnail","6":"product_cat-boligrafos-plasticos","7":"product_tag-boligrafo","8":"product_tag-bolis","9":"product_tag-esfero","10":"product_tag-esferos","12":"first","13":"instock","14":"shipping-taxable","15":"product-type-simple"},"_links":{"self":[{"href":"https:\/\/tumarca.co\/index.php\/wp-json\/wp\/v2\/product\/4115","targetHints":{"allow":["GET"]}}],"collection":[{"href":"https:\/\/tumarca.co\/index.php\/wp-json\/wp\/v2\/product"}],"about":[{"href":"https:\/\/tumarca.co\/index.php\/wp-json\/wp\/v2\/types\/product"}],"replies":[{"embeddable":true,"href":"https:\/\/tumarca.co\/index.php\/wp-json\/wp\/v2\/comments?post=4115"}],"version-history":[{"count":0,"href":"https:\/\/tumarca.co\/index.php\/wp-json\/wp\/v2\/product\/4115\/revisions"}],"wp:featuredmedia":[{"embeddable":true,"href":"https:\/\/tumarca.co\/index.php\/wp-json\/wp\/v2\/media\/3006"}],"wp:attachment":[{"href":"https:\/\/tumarca.co\/index.php\/wp-json\/wp\/v2\/media?parent=4115"}],"wp:term":[{"taxonomy":"product_brand","embeddable":true,"href":"https:\/\/tumarca.co\/index.php\/wp-json\/wp\/v2\/product_brand?post=4115"},{"taxonomy":"product_cat","embeddable":true,"href":"https:\/\/tumarca.co\/index.php\/wp-json\/wp\/v2\/product_cat?post=4115"},{"taxonomy":"product_tag","embeddable":true,"href":"https:\/\/tumarca.co\/index.php\/wp-json\/wp\/v2\/product_tag?post=4115"}],"curies":[{"name":"wp","href":"https:\/\/api.w.org\/{rel}","templated":true}]}}