{"id":4128,"date":"2019-07-03T12:26:20","date_gmt":"2019-07-03T12:26:20","guid":{"rendered":"http:\/\/tumarca.co\/2019\/index.php\/product\/import-placeholder-for-3032595\/"},"modified":"2019-10-03T13:18:24","modified_gmt":"2019-10-03T13:18:24","slug":"boligrafo-sicilia","status":"publish","type":"product","link":"https:\/\/tumarca.co\/index.php\/product\/boligrafo-sicilia\/","title":{"rendered":"Bol\u00edgrafo Sicilia"},"content":{"rendered":"<p>Bol\u00edgrafo plano con dise\u00f1o de casa en la parte superior. Respaldo del bol\u00edgrafo con im\u00e1n ideal para ponerlo en superficies met\u00e1licas.<\/p>\n","protected":false},"excerpt":{"rendered":"<p>Bol\u00edgrafo plano con dise\u00f1o de casa en la parte superior. Respaldo del bol\u00edgrafo con im\u00e1n ideal para ponerlo en superficies met\u00e1licas.<\/p>\n","protected":false},"featured_media":3032,"comment_status":"closed","ping_status":"closed","template":"","meta":[],"product_brand":[],"product_cat":[42],"product_tag":[4561,4563,4560,4562],"class_list":{"0":"post-4128","1":"product","2":"type-product","3":"status-publish","4":"has-post-thumbnail","6":"product_cat-boligrafos-plasticos","7":"product_tag-boligrafo","8":"product_tag-bolis","9":"product_tag-esfero","10":"product_tag-esferos","12":"first","13":"instock","14":"shipping-taxable","15":"product-type-simple"},"_links":{"self":[{"href":"https:\/\/tumarca.co\/index.php\/wp-json\/wp\/v2\/product\/4128","targetHints":{"allow":["GET"]}}],"collection":[{"href":"https:\/\/tumarca.co\/index.php\/wp-json\/wp\/v2\/product"}],"about":[{"href":"https:\/\/tumarca.co\/index.php\/wp-json\/wp\/v2\/types\/product"}],"replies":[{"embeddable":true,"href":"https:\/\/tumarca.co\/index.php\/wp-json\/wp\/v2\/comments?post=4128"}],"version-history":[{"count":0,"href":"https:\/\/tumarca.co\/index.php\/wp-json\/wp\/v2\/product\/4128\/revisions"}],"wp:featuredmedia":[{"embeddable":true,"href":"https:\/\/tumarca.co\/index.php\/wp-json\/wp\/v2\/media\/3032"}],"wp:attachment":[{"href":"https:\/\/tumarca.co\/index.php\/wp-json\/wp\/v2\/media?parent=4128"}],"wp:term":[{"taxonomy":"product_brand","embeddable":true,"href":"https:\/\/tumarca.co\/index.php\/wp-json\/wp\/v2\/product_brand?post=4128"},{"taxonomy":"product_cat","embeddable":true,"href":"https:\/\/tumarca.co\/index.php\/wp-json\/wp\/v2\/product_cat?post=4128"},{"taxonomy":"product_tag","embeddable":true,"href":"https:\/\/tumarca.co\/index.php\/wp-json\/wp\/v2\/product_tag?post=4128"}],"curies":[{"name":"wp","href":"https:\/\/api.w.org\/{rel}","templated":true}]}}