{"id":4256,"date":"2019-07-03T12:33:25","date_gmt":"2019-07-03T12:33:25","guid":{"rendered":"http:\/\/tumarca.co\/2019\/index.php\/product\/import-placeholder-for-3020461\/"},"modified":"2019-10-03T13:17:35","modified_gmt":"2019-10-03T13:17:35","slug":"boligrafo-samara-stylus","status":"publish","type":"product","link":"https:\/\/tumarca.co\/index.php\/product\/boligrafo-samara-stylus\/","title":{"rendered":"Bol\u00edgrafo Samara Stylus"},"content":{"rendered":"<p>Bol\u00edgrafo pl\u00e1stico con acabado mate y 3 minas de diferentes colores (azul, rojo y negro), sistema de apertura twist, con touch en la parte superior para dispositivos de pantalla t\u00e1ctil y antideslizante.<\/p>\n","protected":false},"excerpt":{"rendered":"<p>Bol\u00edgrafo pl\u00e1stico con acabado mate y 3 minas de diferentes colores (azul, rojo y negro), sistema de apertura twist, con touch en la parte superior para dispositivos de pantalla t\u00e1ctil y antideslizante.<\/p>\n","protected":false},"featured_media":3293,"comment_status":"closed","ping_status":"closed","template":"","meta":[],"product_brand":[],"product_cat":[42],"product_tag":[4561,4563,4560,4562],"class_list":{"0":"post-4256","1":"product","2":"type-product","3":"status-publish","4":"has-post-thumbnail","6":"product_cat-boligrafos-plasticos","7":"product_tag-boligrafo","8":"product_tag-bolis","9":"product_tag-esfero","10":"product_tag-esferos","12":"first","13":"instock","14":"shipping-taxable","15":"product-type-simple"},"_links":{"self":[{"href":"https:\/\/tumarca.co\/index.php\/wp-json\/wp\/v2\/product\/4256","targetHints":{"allow":["GET"]}}],"collection":[{"href":"https:\/\/tumarca.co\/index.php\/wp-json\/wp\/v2\/product"}],"about":[{"href":"https:\/\/tumarca.co\/index.php\/wp-json\/wp\/v2\/types\/product"}],"replies":[{"embeddable":true,"href":"https:\/\/tumarca.co\/index.php\/wp-json\/wp\/v2\/comments?post=4256"}],"version-history":[{"count":0,"href":"https:\/\/tumarca.co\/index.php\/wp-json\/wp\/v2\/product\/4256\/revisions"}],"wp:featuredmedia":[{"embeddable":true,"href":"https:\/\/tumarca.co\/index.php\/wp-json\/wp\/v2\/media\/3293"}],"wp:attachment":[{"href":"https:\/\/tumarca.co\/index.php\/wp-json\/wp\/v2\/media?parent=4256"}],"wp:term":[{"taxonomy":"product_brand","embeddable":true,"href":"https:\/\/tumarca.co\/index.php\/wp-json\/wp\/v2\/product_brand?post=4256"},{"taxonomy":"product_cat","embeddable":true,"href":"https:\/\/tumarca.co\/index.php\/wp-json\/wp\/v2\/product_cat?post=4256"},{"taxonomy":"product_tag","embeddable":true,"href":"https:\/\/tumarca.co\/index.php\/wp-json\/wp\/v2\/product_tag?post=4256"}],"curies":[{"name":"wp","href":"https:\/\/api.w.org\/{rel}","templated":true}]}}