{"id":4282,"date":"2019-07-03T12:34:54","date_gmt":"2019-07-03T12:34:54","guid":{"rendered":"http:\/\/tumarca.co\/2019\/index.php\/product\/import-placeholder-for-3004833\/"},"modified":"2019-10-03T13:17:26","modified_gmt":"2019-10-03T13:17:26","slug":"kit-de-colores-eco","status":"publish","type":"product","link":"https:\/\/tumarca.co\/index.php\/product\/kit-de-colores-eco\/","title":{"rendered":"Kit de Colores Eco"},"content":{"rendered":"<p>Estuche en cart\u00f3n cil\u00edndrico que contiene 12 colores de madera y tapa con tajal\u00e1piz.<\/p>\n","protected":false},"excerpt":{"rendered":"<p>Estuche en cart\u00f3n cil\u00edndrico que contiene 12 colores de madera y tapa con tajal\u00e1piz.<\/p>\n","protected":false},"featured_media":3343,"comment_status":"closed","ping_status":"closed","template":"","meta":[],"product_brand":[],"product_cat":[46,45],"product_tag":[4561,4563,3682,4560,4562],"class_list":{"0":"post-4282","1":"product","2":"type-product","3":"status-publish","4":"has-post-thumbnail","6":"product_cat-colores-y-crayolas","7":"product_cat-lapices","8":"product_tag-boligrafo","9":"product_tag-bolis","10":"product_tag-ecologico","11":"product_tag-esfero","12":"product_tag-esferos","14":"first","15":"instock","16":"shipping-taxable","17":"product-type-simple"},"_links":{"self":[{"href":"https:\/\/tumarca.co\/index.php\/wp-json\/wp\/v2\/product\/4282","targetHints":{"allow":["GET"]}}],"collection":[{"href":"https:\/\/tumarca.co\/index.php\/wp-json\/wp\/v2\/product"}],"about":[{"href":"https:\/\/tumarca.co\/index.php\/wp-json\/wp\/v2\/types\/product"}],"replies":[{"embeddable":true,"href":"https:\/\/tumarca.co\/index.php\/wp-json\/wp\/v2\/comments?post=4282"}],"version-history":[{"count":0,"href":"https:\/\/tumarca.co\/index.php\/wp-json\/wp\/v2\/product\/4282\/revisions"}],"wp:featuredmedia":[{"embeddable":true,"href":"https:\/\/tumarca.co\/index.php\/wp-json\/wp\/v2\/media\/3343"}],"wp:attachment":[{"href":"https:\/\/tumarca.co\/index.php\/wp-json\/wp\/v2\/media?parent=4282"}],"wp:term":[{"taxonomy":"product_brand","embeddable":true,"href":"https:\/\/tumarca.co\/index.php\/wp-json\/wp\/v2\/product_brand?post=4282"},{"taxonomy":"product_cat","embeddable":true,"href":"https:\/\/tumarca.co\/index.php\/wp-json\/wp\/v2\/product_cat?post=4282"},{"taxonomy":"product_tag","embeddable":true,"href":"https:\/\/tumarca.co\/index.php\/wp-json\/wp\/v2\/product_tag?post=4282"}],"curies":[{"name":"wp","href":"https:\/\/api.w.org\/{rel}","templated":true}]}}