{"id":4315,"date":"2019-07-03T12:37:00","date_gmt":"2019-07-03T12:37:00","guid":{"rendered":"http:\/\/tumarca.co\/2019\/index.php\/product\/import-placeholder-for-3031234\/"},"modified":"2025-05-07T00:47:39","modified_gmt":"2025-05-07T00:47:39","slug":"boligrafo-agra","status":"publish","type":"product","link":"https:\/\/tumarca.co\/index.php\/product\/boligrafo-agra\/","title":{"rendered":"Bol\u00edgrafo Agra"},"content":{"rendered":"<p>Bol\u00edgrafo en aluminio con acabado brillante. Sistema de apertura retr\u00e1ctil. Clip y punta plateada. <\/p>\n","protected":false},"excerpt":{"rendered":"<p>Bol\u00edgrafo en aluminio con acabado brillante. Sistema de apertura retr\u00e1ctil. Clip y punta plateada.<\/p>\n","protected":false},"featured_media":3411,"comment_status":"closed","ping_status":"closed","template":"","meta":[],"product_brand":[],"product_cat":[7193,40],"product_tag":[4561,4563,4560,4562],"class_list":{"0":"post-4315","1":"product","2":"type-product","3":"status-publish","4":"has-post-thumbnail","6":"product_cat-articulos-escritura","7":"product_cat-boligrafos-en-aluminio","8":"product_tag-boligrafo","9":"product_tag-bolis","10":"product_tag-esfero","11":"product_tag-esferos","13":"first","14":"instock","15":"shipping-taxable","16":"product-type-simple"},"_links":{"self":[{"href":"https:\/\/tumarca.co\/index.php\/wp-json\/wp\/v2\/product\/4315","targetHints":{"allow":["GET"]}}],"collection":[{"href":"https:\/\/tumarca.co\/index.php\/wp-json\/wp\/v2\/product"}],"about":[{"href":"https:\/\/tumarca.co\/index.php\/wp-json\/wp\/v2\/types\/product"}],"replies":[{"embeddable":true,"href":"https:\/\/tumarca.co\/index.php\/wp-json\/wp\/v2\/comments?post=4315"}],"version-history":[{"count":0,"href":"https:\/\/tumarca.co\/index.php\/wp-json\/wp\/v2\/product\/4315\/revisions"}],"wp:featuredmedia":[{"embeddable":true,"href":"https:\/\/tumarca.co\/index.php\/wp-json\/wp\/v2\/media\/3411"}],"wp:attachment":[{"href":"https:\/\/tumarca.co\/index.php\/wp-json\/wp\/v2\/media?parent=4315"}],"wp:term":[{"taxonomy":"product_brand","embeddable":true,"href":"https:\/\/tumarca.co\/index.php\/wp-json\/wp\/v2\/product_brand?post=4315"},{"taxonomy":"product_cat","embeddable":true,"href":"https:\/\/tumarca.co\/index.php\/wp-json\/wp\/v2\/product_cat?post=4315"},{"taxonomy":"product_tag","embeddable":true,"href":"https:\/\/tumarca.co\/index.php\/wp-json\/wp\/v2\/product_tag?post=4315"}],"curies":[{"name":"wp","href":"https:\/\/api.w.org\/{rel}","templated":true}]}}