{"id":4330,"date":"2019-07-03T12:37:41","date_gmt":"2019-07-03T12:37:41","guid":{"rendered":"http:\/\/tumarca.co\/2019\/index.php\/product\/import-placeholder-for-3004534\/"},"modified":"2019-07-03T12:38:19","modified_gmt":"2019-07-03T12:38:19","slug":"llavero-mini-flexometro-de-bolsillo","status":"publish","type":"product","link":"https:\/\/tumarca.co\/index.php\/product\/llavero-mini-flexometro-de-bolsillo\/","title":{"rendered":"Llavero Mini Flex\u00f3metro de Bolsillo"},"content":{"rendered":"<p>Cinta m\u00e9trica met\u00e1lica de 1 m\/39 pulgadas. Escala m\u00e9trica y pulgadas. Retr\u00e1ctil, con seguro y argolla para llavero.<\/p>\n","protected":false},"excerpt":{"rendered":"<p>Cinta m\u00e9trica met\u00e1lica de 1 m\/39 pulgadas. Escala m\u00e9trica y pulgadas. Retr\u00e1ctil, con seguro y argolla para llavero.<\/p>\n","protected":false},"featured_media":4332,"comment_status":"closed","ping_status":"closed","template":"","meta":[],"product_brand":[],"product_cat":[51],"product_tag":[],"class_list":{"0":"post-4330","1":"product","2":"type-product","3":"status-publish","4":"has-post-thumbnail","6":"product_cat-cintas-metricas","8":"first","9":"instock","10":"shipping-taxable","11":"product-type-simple"},"_links":{"self":[{"href":"https:\/\/tumarca.co\/index.php\/wp-json\/wp\/v2\/product\/4330","targetHints":{"allow":["GET"]}}],"collection":[{"href":"https:\/\/tumarca.co\/index.php\/wp-json\/wp\/v2\/product"}],"about":[{"href":"https:\/\/tumarca.co\/index.php\/wp-json\/wp\/v2\/types\/product"}],"replies":[{"embeddable":true,"href":"https:\/\/tumarca.co\/index.php\/wp-json\/wp\/v2\/comments?post=4330"}],"version-history":[{"count":0,"href":"https:\/\/tumarca.co\/index.php\/wp-json\/wp\/v2\/product\/4330\/revisions"}],"wp:featuredmedia":[{"embeddable":true,"href":"https:\/\/tumarca.co\/index.php\/wp-json\/wp\/v2\/media\/4332"}],"wp:attachment":[{"href":"https:\/\/tumarca.co\/index.php\/wp-json\/wp\/v2\/media?parent=4330"}],"wp:term":[{"taxonomy":"product_brand","embeddable":true,"href":"https:\/\/tumarca.co\/index.php\/wp-json\/wp\/v2\/product_brand?post=4330"},{"taxonomy":"product_cat","embeddable":true,"href":"https:\/\/tumarca.co\/index.php\/wp-json\/wp\/v2\/product_cat?post=4330"},{"taxonomy":"product_tag","embeddable":true,"href":"https:\/\/tumarca.co\/index.php\/wp-json\/wp\/v2\/product_tag?post=4330"}],"curies":[{"name":"wp","href":"https:\/\/api.w.org\/{rel}","templated":true}]}}