{"id":4333,"date":"2019-07-03T12:38:48","date_gmt":"2019-07-03T12:38:48","guid":{"rendered":"http:\/\/tumarca.co\/2019\/index.php\/product\/import-placeholder-for-3017235\/"},"modified":"2019-07-03T12:39:01","modified_gmt":"2019-07-03T12:39:01","slug":"cinta-metrica-llanta","status":"publish","type":"product","link":"https:\/\/tumarca.co\/index.php\/product\/cinta-metrica-llanta\/","title":{"rendered":"Cinta M\u00e9trica Llanta"},"content":{"rendered":"<p>Llavero con cubierta en forma de llanta. Con cinta m\u00e9trica met\u00e1lica de 1m\/39 pulgadas. Con argolla para llavero.<\/p>\n","protected":false},"excerpt":{"rendered":"<p>Llavero con cubierta en forma de llanta. Con cinta m\u00e9trica met\u00e1lica de 1m\/39 pulgadas. Con argolla para llavero.<\/p>\n","protected":false},"featured_media":4340,"comment_status":"closed","ping_status":"closed","template":"","meta":[],"product_brand":[],"product_cat":[51],"product_tag":[],"class_list":{"0":"post-4333","1":"product","2":"type-product","3":"status-publish","4":"has-post-thumbnail","6":"product_cat-cintas-metricas","8":"first","9":"instock","10":"shipping-taxable","11":"product-type-simple"},"_links":{"self":[{"href":"https:\/\/tumarca.co\/index.php\/wp-json\/wp\/v2\/product\/4333","targetHints":{"allow":["GET"]}}],"collection":[{"href":"https:\/\/tumarca.co\/index.php\/wp-json\/wp\/v2\/product"}],"about":[{"href":"https:\/\/tumarca.co\/index.php\/wp-json\/wp\/v2\/types\/product"}],"replies":[{"embeddable":true,"href":"https:\/\/tumarca.co\/index.php\/wp-json\/wp\/v2\/comments?post=4333"}],"version-history":[{"count":0,"href":"https:\/\/tumarca.co\/index.php\/wp-json\/wp\/v2\/product\/4333\/revisions"}],"wp:featuredmedia":[{"embeddable":true,"href":"https:\/\/tumarca.co\/index.php\/wp-json\/wp\/v2\/media\/4340"}],"wp:attachment":[{"href":"https:\/\/tumarca.co\/index.php\/wp-json\/wp\/v2\/media?parent=4333"}],"wp:term":[{"taxonomy":"product_brand","embeddable":true,"href":"https:\/\/tumarca.co\/index.php\/wp-json\/wp\/v2\/product_brand?post=4333"},{"taxonomy":"product_cat","embeddable":true,"href":"https:\/\/tumarca.co\/index.php\/wp-json\/wp\/v2\/product_cat?post=4333"},{"taxonomy":"product_tag","embeddable":true,"href":"https:\/\/tumarca.co\/index.php\/wp-json\/wp\/v2\/product_tag?post=4333"}],"curies":[{"name":"wp","href":"https:\/\/api.w.org\/{rel}","templated":true}]}}