{"id":4334,"date":"2019-07-03T12:38:48","date_gmt":"2019-07-03T12:38:48","guid":{"rendered":"http:\/\/tumarca.co\/2019\/index.php\/product\/import-placeholder-for-3017247\/"},"modified":"2019-07-03T12:39:15","modified_gmt":"2019-07-03T12:39:15","slug":"cinta-metrica-round","status":"publish","type":"product","link":"https:\/\/tumarca.co\/index.php\/product\/cinta-metrica-round\/","title":{"rendered":"Cinta M\u00e9trica Round"},"content":{"rendered":"<p>Metro con cubierta circular, con seguro de bot\u00f3n al centro. Cinta m\u00e9trica pl\u00e1stica de 1,5 m. &#8211; 60 Pulg. Escala m\u00e9trica y pulgadas.<\/p>\n","protected":false},"excerpt":{"rendered":"<p>Metro con cubierta circular, con seguro de bot\u00f3n al centro. Cinta m\u00e9trica pl\u00e1stica de 1,5 m. &#8211; 60 Pulg. Escala m\u00e9trica y pulgadas.<\/p>\n","protected":false},"featured_media":4341,"comment_status":"closed","ping_status":"closed","template":"","meta":[],"product_brand":[],"product_cat":[51],"product_tag":[],"class_list":{"0":"post-4334","1":"product","2":"type-product","3":"status-publish","4":"has-post-thumbnail","6":"product_cat-cintas-metricas","8":"first","9":"instock","10":"shipping-taxable","11":"product-type-simple"},"_links":{"self":[{"href":"https:\/\/tumarca.co\/index.php\/wp-json\/wp\/v2\/product\/4334","targetHints":{"allow":["GET"]}}],"collection":[{"href":"https:\/\/tumarca.co\/index.php\/wp-json\/wp\/v2\/product"}],"about":[{"href":"https:\/\/tumarca.co\/index.php\/wp-json\/wp\/v2\/types\/product"}],"replies":[{"embeddable":true,"href":"https:\/\/tumarca.co\/index.php\/wp-json\/wp\/v2\/comments?post=4334"}],"version-history":[{"count":0,"href":"https:\/\/tumarca.co\/index.php\/wp-json\/wp\/v2\/product\/4334\/revisions"}],"wp:featuredmedia":[{"embeddable":true,"href":"https:\/\/tumarca.co\/index.php\/wp-json\/wp\/v2\/media\/4341"}],"wp:attachment":[{"href":"https:\/\/tumarca.co\/index.php\/wp-json\/wp\/v2\/media?parent=4334"}],"wp:term":[{"taxonomy":"product_brand","embeddable":true,"href":"https:\/\/tumarca.co\/index.php\/wp-json\/wp\/v2\/product_brand?post=4334"},{"taxonomy":"product_cat","embeddable":true,"href":"https:\/\/tumarca.co\/index.php\/wp-json\/wp\/v2\/product_cat?post=4334"},{"taxonomy":"product_tag","embeddable":true,"href":"https:\/\/tumarca.co\/index.php\/wp-json\/wp\/v2\/product_tag?post=4334"}],"curies":[{"name":"wp","href":"https:\/\/api.w.org\/{rel}","templated":true}]}}