{"id":4358,"date":"2019-07-03T12:42:30","date_gmt":"2019-07-03T12:42:30","guid":{"rendered":"http:\/\/tumarca.co\/2019\/index.php\/product\/import-placeholder-for-3017273\/"},"modified":"2019-07-03T12:44:55","modified_gmt":"2019-07-03T12:44:55","slug":"set-de-herramientas-lighter","status":"publish","type":"product","link":"https:\/\/tumarca.co\/index.php\/product\/set-de-herramientas-lighter\/","title":{"rendered":"Set de Herramientas Lighter"},"content":{"rendered":"<p>Caja de herramientas con linterna externa (4 pilas AA no incluidas). Incluye ratchet, 8 copas est\u00e1ndar, 10 puntas de destornillador, 4 destornilladores de precisi\u00f3n, un portapuntas magn\u00e9tico.<\/p>\n","protected":false},"excerpt":{"rendered":"<p>Caja de herramientas con linterna externa (4 pilas AA no incluidas). Incluye ratchet, 8 copas est\u00e1ndar, 10 puntas de destornillador, 4 destornilladores de precisi\u00f3n, un portapuntas magn\u00e9tico.<\/p>\n","protected":false},"featured_media":4368,"comment_status":"closed","ping_status":"closed","template":"","meta":[],"product_brand":[],"product_cat":[53],"product_tag":[],"class_list":{"0":"post-4358","1":"product","2":"type-product","3":"status-publish","4":"has-post-thumbnail","6":"product_cat-herramienteros","8":"first","9":"instock","10":"shipping-taxable","11":"product-type-simple"},"_links":{"self":[{"href":"https:\/\/tumarca.co\/index.php\/wp-json\/wp\/v2\/product\/4358","targetHints":{"allow":["GET"]}}],"collection":[{"href":"https:\/\/tumarca.co\/index.php\/wp-json\/wp\/v2\/product"}],"about":[{"href":"https:\/\/tumarca.co\/index.php\/wp-json\/wp\/v2\/types\/product"}],"replies":[{"embeddable":true,"href":"https:\/\/tumarca.co\/index.php\/wp-json\/wp\/v2\/comments?post=4358"}],"version-history":[{"count":0,"href":"https:\/\/tumarca.co\/index.php\/wp-json\/wp\/v2\/product\/4358\/revisions"}],"wp:featuredmedia":[{"embeddable":true,"href":"https:\/\/tumarca.co\/index.php\/wp-json\/wp\/v2\/media\/4368"}],"wp:attachment":[{"href":"https:\/\/tumarca.co\/index.php\/wp-json\/wp\/v2\/media?parent=4358"}],"wp:term":[{"taxonomy":"product_brand","embeddable":true,"href":"https:\/\/tumarca.co\/index.php\/wp-json\/wp\/v2\/product_brand?post=4358"},{"taxonomy":"product_cat","embeddable":true,"href":"https:\/\/tumarca.co\/index.php\/wp-json\/wp\/v2\/product_cat?post=4358"},{"taxonomy":"product_tag","embeddable":true,"href":"https:\/\/tumarca.co\/index.php\/wp-json\/wp\/v2\/product_tag?post=4358"}],"curies":[{"name":"wp","href":"https:\/\/api.w.org\/{rel}","templated":true}]}}