{"id":4366,"date":"2019-07-03T12:44:24","date_gmt":"2019-07-03T12:44:24","guid":{"rendered":"http:\/\/tumarca.co\/2019\/index.php\/product\/import-placeholder-for-3017276\/"},"modified":"2019-07-03T12:45:52","modified_gmt":"2019-07-03T12:45:52","slug":"herramientero-pocket","status":"publish","type":"product","link":"https:\/\/tumarca.co\/index.php\/product\/herramientero-pocket\/","title":{"rendered":"Herramientero Pocket"},"content":{"rendered":"<p>Kit de herramientas que incluye: 1 pinza con cortafr\u00edo, 1 cortafr\u00edo, 2 destornilladores de precisi\u00f3n, 1 copa de 1\/4 x 3&#8243; con soporte magn\u00e9tico, 7 copas de 1\/4, 5, 6, 7, 8, 9, 10, 11 mm, 5 llaves allen de 2, 3, 4, 5, 6 mm, 9 puntas de destornillador.<\/p>\n","protected":false},"excerpt":{"rendered":"<p>Kit de herramientas que incluye: 1 pinza con cortafr\u00edo, 1 cortafr\u00edo, 2 destornilladores de precisi\u00f3n, 1 copa de 1\/4 x 3&#8243; con soporte magn\u00e9tico, 7 copas de 1\/4, 5, 6, 7, 8, 9, 10, 11 mm, 5 llaves allen de 2, 3, 4, 5, 6 mm, 9 puntas de destornillador.<\/p>\n","protected":false},"featured_media":4370,"comment_status":"closed","ping_status":"closed","template":"","meta":[],"product_brand":[],"product_cat":[53],"product_tag":[],"class_list":{"0":"post-4366","1":"product","2":"type-product","3":"status-publish","4":"has-post-thumbnail","6":"product_cat-herramienteros","8":"first","9":"instock","10":"shipping-taxable","11":"product-type-simple"},"_links":{"self":[{"href":"https:\/\/tumarca.co\/index.php\/wp-json\/wp\/v2\/product\/4366","targetHints":{"allow":["GET"]}}],"collection":[{"href":"https:\/\/tumarca.co\/index.php\/wp-json\/wp\/v2\/product"}],"about":[{"href":"https:\/\/tumarca.co\/index.php\/wp-json\/wp\/v2\/types\/product"}],"replies":[{"embeddable":true,"href":"https:\/\/tumarca.co\/index.php\/wp-json\/wp\/v2\/comments?post=4366"}],"version-history":[{"count":0,"href":"https:\/\/tumarca.co\/index.php\/wp-json\/wp\/v2\/product\/4366\/revisions"}],"wp:featuredmedia":[{"embeddable":true,"href":"https:\/\/tumarca.co\/index.php\/wp-json\/wp\/v2\/media\/4370"}],"wp:attachment":[{"href":"https:\/\/tumarca.co\/index.php\/wp-json\/wp\/v2\/media?parent=4366"}],"wp:term":[{"taxonomy":"product_brand","embeddable":true,"href":"https:\/\/tumarca.co\/index.php\/wp-json\/wp\/v2\/product_brand?post=4366"},{"taxonomy":"product_cat","embeddable":true,"href":"https:\/\/tumarca.co\/index.php\/wp-json\/wp\/v2\/product_cat?post=4366"},{"taxonomy":"product_tag","embeddable":true,"href":"https:\/\/tumarca.co\/index.php\/wp-json\/wp\/v2\/product_tag?post=4366"}],"curies":[{"name":"wp","href":"https:\/\/api.w.org\/{rel}","templated":true}]}}