{"id":4399,"date":"2019-07-03T12:51:57","date_gmt":"2019-07-03T12:51:57","guid":{"rendered":"http:\/\/tumarca.co\/2019\/index.php\/product\/import-placeholder-for-3031896\/"},"modified":"2019-07-03T12:54:26","modified_gmt":"2019-07-03T12:54:26","slug":"kit-emergency-car-32pcs","status":"publish","type":"product","link":"https:\/\/tumarca.co\/index.php\/product\/kit-emergency-car-32pcs\/","title":{"rendered":"Kit Emergency Car 32PCS"},"content":{"rendered":"<p>Kit de emergencia para autom\u00f3vil. Contiene: 1 destornillador tipo Phillips, 1 destornillador tipo pala, 1 par de guantes, 1 bistur\u00ed, cables para bater\u00eda, 1 linterna dynamo, 1 capa impermeable, 1 adaptador de copa, 9 puntas de copas (de 5 a 12 mm), 1 estuche, triangulo reflectivo 1 calibrador. <\/p>\n","protected":false},"excerpt":{"rendered":"<p>Kit de emergencia para autom\u00f3vil. Contiene: 1 destornillador tipo Phillips, 1 destornillador tipo pala, 1 par de guantes, 1 bistur\u00ed, cables para bater\u00eda, 1 linterna dynamo, 1 capa impermeable, 1 adaptador de copa, 9 puntas de copas (de 5 a 12 mm), 1 estuche, triangulo reflectivo 1 calibrador.<\/p>\n","protected":false},"featured_media":4413,"comment_status":"closed","ping_status":"closed","template":"","meta":[],"product_brand":[],"product_cat":[53],"product_tag":[],"class_list":{"0":"post-4399","1":"product","2":"type-product","3":"status-publish","4":"has-post-thumbnail","6":"product_cat-herramienteros","8":"first","9":"instock","10":"shipping-taxable","11":"product-type-simple"},"_links":{"self":[{"href":"https:\/\/tumarca.co\/index.php\/wp-json\/wp\/v2\/product\/4399","targetHints":{"allow":["GET"]}}],"collection":[{"href":"https:\/\/tumarca.co\/index.php\/wp-json\/wp\/v2\/product"}],"about":[{"href":"https:\/\/tumarca.co\/index.php\/wp-json\/wp\/v2\/types\/product"}],"replies":[{"embeddable":true,"href":"https:\/\/tumarca.co\/index.php\/wp-json\/wp\/v2\/comments?post=4399"}],"version-history":[{"count":0,"href":"https:\/\/tumarca.co\/index.php\/wp-json\/wp\/v2\/product\/4399\/revisions"}],"wp:featuredmedia":[{"embeddable":true,"href":"https:\/\/tumarca.co\/index.php\/wp-json\/wp\/v2\/media\/4413"}],"wp:attachment":[{"href":"https:\/\/tumarca.co\/index.php\/wp-json\/wp\/v2\/media?parent=4399"}],"wp:term":[{"taxonomy":"product_brand","embeddable":true,"href":"https:\/\/tumarca.co\/index.php\/wp-json\/wp\/v2\/product_brand?post=4399"},{"taxonomy":"product_cat","embeddable":true,"href":"https:\/\/tumarca.co\/index.php\/wp-json\/wp\/v2\/product_cat?post=4399"},{"taxonomy":"product_tag","embeddable":true,"href":"https:\/\/tumarca.co\/index.php\/wp-json\/wp\/v2\/product_tag?post=4399"}],"curies":[{"name":"wp","href":"https:\/\/api.w.org\/{rel}","templated":true}]}}