{"id":4402,"date":"2019-07-03T12:51:57","date_gmt":"2019-07-03T12:51:57","guid":{"rendered":"http:\/\/tumarca.co\/2019\/index.php\/product\/import-placeholder-for-3031991\/"},"modified":"2019-07-03T12:55:09","modified_gmt":"2019-07-03T12:55:09","slug":"aspiradora-portatil-para-carro","status":"publish","type":"product","link":"https:\/\/tumarca.co\/index.php\/product\/aspiradora-portatil-para-carro\/","title":{"rendered":"Aspiradora Port\u00e1til Para Carro"},"content":{"rendered":"<p>Aspiradora para Auto. Funciona con 12 voltios, tiene conector para el encendedor del veh\u00edculo. Con succi\u00f3n de gran alcance y entrada de energ\u00eda de 60W;  posee un filtro lavable, por lo que es f\u00e1cil de vaciar y limpiar.<\/p>\n","protected":false},"excerpt":{"rendered":"<p>Aspiradora para Auto. Funciona con 12 voltios, tiene conector para el encendedor del veh\u00edculo. Con succi\u00f3n de gran alcance y entrada de energ\u00eda de 60W; posee un filtro lavable, por lo que es f\u00e1cil de vaciar y limpiar.<\/p>\n","protected":false},"featured_media":4416,"comment_status":"closed","ping_status":"closed","template":"","meta":[],"product_brand":[],"product_cat":[53],"product_tag":[],"class_list":{"0":"post-4402","1":"product","2":"type-product","3":"status-publish","4":"has-post-thumbnail","6":"product_cat-herramienteros","8":"first","9":"instock","10":"shipping-taxable","11":"product-type-simple"},"_links":{"self":[{"href":"https:\/\/tumarca.co\/index.php\/wp-json\/wp\/v2\/product\/4402","targetHints":{"allow":["GET"]}}],"collection":[{"href":"https:\/\/tumarca.co\/index.php\/wp-json\/wp\/v2\/product"}],"about":[{"href":"https:\/\/tumarca.co\/index.php\/wp-json\/wp\/v2\/types\/product"}],"replies":[{"embeddable":true,"href":"https:\/\/tumarca.co\/index.php\/wp-json\/wp\/v2\/comments?post=4402"}],"version-history":[{"count":0,"href":"https:\/\/tumarca.co\/index.php\/wp-json\/wp\/v2\/product\/4402\/revisions"}],"wp:featuredmedia":[{"embeddable":true,"href":"https:\/\/tumarca.co\/index.php\/wp-json\/wp\/v2\/media\/4416"}],"wp:attachment":[{"href":"https:\/\/tumarca.co\/index.php\/wp-json\/wp\/v2\/media?parent=4402"}],"wp:term":[{"taxonomy":"product_brand","embeddable":true,"href":"https:\/\/tumarca.co\/index.php\/wp-json\/wp\/v2\/product_brand?post=4402"},{"taxonomy":"product_cat","embeddable":true,"href":"https:\/\/tumarca.co\/index.php\/wp-json\/wp\/v2\/product_cat?post=4402"},{"taxonomy":"product_tag","embeddable":true,"href":"https:\/\/tumarca.co\/index.php\/wp-json\/wp\/v2\/product_tag?post=4402"}],"curies":[{"name":"wp","href":"https:\/\/api.w.org\/{rel}","templated":true}]}}