{"id":4427,"date":"2019-07-03T12:59:09","date_gmt":"2019-07-03T12:59:09","guid":{"rendered":"http:\/\/tumarca.co\/2019\/index.php\/product\/import-placeholder-for-3030369\/"},"modified":"2019-07-03T13:45:20","modified_gmt":"2019-07-03T13:45:20","slug":"linterna-padlock","status":"publish","type":"product","link":"https:\/\/tumarca.co\/index.php\/product\/linterna-padlock\/","title":{"rendered":"Linterna Padlock"},"content":{"rendered":"<p>Linterna LED f\u00e1cil de transportar, base flexible y otra fija con dos bombillos, la linterna hace de gancho carabinero, tiene im\u00e1n. Funciona con tres bater\u00edas tipo bot\u00f3n incluidas.<\/p>\n","protected":false},"excerpt":{"rendered":"<p>Linterna LED f\u00e1cil de transportar, base flexible y otra fija con dos bombillos, la linterna hace de gancho carabinero, tiene im\u00e1n. Funciona con tres bater\u00edas tipo bot\u00f3n incluidas.<\/p>\n","protected":false},"featured_media":4448,"comment_status":"closed","ping_status":"closed","template":"","meta":[],"product_brand":[],"product_cat":[54],"product_tag":[],"class_list":{"0":"post-4427","1":"product","2":"type-product","3":"status-publish","4":"has-post-thumbnail","6":"product_cat-linternas","8":"first","9":"instock","10":"shipping-taxable","11":"product-type-simple"},"_links":{"self":[{"href":"https:\/\/tumarca.co\/index.php\/wp-json\/wp\/v2\/product\/4427","targetHints":{"allow":["GET"]}}],"collection":[{"href":"https:\/\/tumarca.co\/index.php\/wp-json\/wp\/v2\/product"}],"about":[{"href":"https:\/\/tumarca.co\/index.php\/wp-json\/wp\/v2\/types\/product"}],"replies":[{"embeddable":true,"href":"https:\/\/tumarca.co\/index.php\/wp-json\/wp\/v2\/comments?post=4427"}],"version-history":[{"count":0,"href":"https:\/\/tumarca.co\/index.php\/wp-json\/wp\/v2\/product\/4427\/revisions"}],"wp:featuredmedia":[{"embeddable":true,"href":"https:\/\/tumarca.co\/index.php\/wp-json\/wp\/v2\/media\/4448"}],"wp:attachment":[{"href":"https:\/\/tumarca.co\/index.php\/wp-json\/wp\/v2\/media?parent=4427"}],"wp:term":[{"taxonomy":"product_brand","embeddable":true,"href":"https:\/\/tumarca.co\/index.php\/wp-json\/wp\/v2\/product_brand?post=4427"},{"taxonomy":"product_cat","embeddable":true,"href":"https:\/\/tumarca.co\/index.php\/wp-json\/wp\/v2\/product_cat?post=4427"},{"taxonomy":"product_tag","embeddable":true,"href":"https:\/\/tumarca.co\/index.php\/wp-json\/wp\/v2\/product_tag?post=4427"}],"curies":[{"name":"wp","href":"https:\/\/api.w.org\/{rel}","templated":true}]}}