{"id":4443,"date":"2019-07-03T13:44:17","date_gmt":"2019-07-03T13:44:17","guid":{"rendered":"http:\/\/tumarca.co\/2019\/index.php\/product\/import-placeholder-for-3030897\/"},"modified":"2019-07-03T14:23:12","modified_gmt":"2019-07-03T14:23:12","slug":"luz-nocturna-rechargable","status":"publish","type":"product","link":"https:\/\/tumarca.co\/index.php\/product\/luz-nocturna-rechargable\/","title":{"rendered":"Luz Nocturna Rechargable"},"content":{"rendered":"<p>Luz con bater\u00eda recargable a trav\u00e9s de conector a pared plegable. Tiene 2 salidas de puerto USB  de 1.0A cada uno. Incluye gancho carabinero para f\u00e1cil transporte. <\/p>\n","protected":false},"excerpt":{"rendered":"<p>Luz con bater\u00eda recargable a trav\u00e9s de conector a pared plegable. Tiene 2 salidas de puerto USB de 1.0A cada uno. Incluye gancho carabinero para f\u00e1cil transporte.<\/p>\n","protected":false},"featured_media":4457,"comment_status":"closed","ping_status":"closed","template":"","meta":[],"product_brand":[],"product_cat":[54],"product_tag":[],"class_list":{"0":"post-4443","1":"product","2":"type-product","3":"status-publish","4":"has-post-thumbnail","6":"product_cat-linternas","8":"first","9":"instock","10":"shipping-taxable","11":"product-type-simple"},"_links":{"self":[{"href":"https:\/\/tumarca.co\/index.php\/wp-json\/wp\/v2\/product\/4443","targetHints":{"allow":["GET"]}}],"collection":[{"href":"https:\/\/tumarca.co\/index.php\/wp-json\/wp\/v2\/product"}],"about":[{"href":"https:\/\/tumarca.co\/index.php\/wp-json\/wp\/v2\/types\/product"}],"replies":[{"embeddable":true,"href":"https:\/\/tumarca.co\/index.php\/wp-json\/wp\/v2\/comments?post=4443"}],"version-history":[{"count":0,"href":"https:\/\/tumarca.co\/index.php\/wp-json\/wp\/v2\/product\/4443\/revisions"}],"wp:featuredmedia":[{"embeddable":true,"href":"https:\/\/tumarca.co\/index.php\/wp-json\/wp\/v2\/media\/4457"}],"wp:attachment":[{"href":"https:\/\/tumarca.co\/index.php\/wp-json\/wp\/v2\/media?parent=4443"}],"wp:term":[{"taxonomy":"product_brand","embeddable":true,"href":"https:\/\/tumarca.co\/index.php\/wp-json\/wp\/v2\/product_brand?post=4443"},{"taxonomy":"product_cat","embeddable":true,"href":"https:\/\/tumarca.co\/index.php\/wp-json\/wp\/v2\/product_cat?post=4443"},{"taxonomy":"product_tag","embeddable":true,"href":"https:\/\/tumarca.co\/index.php\/wp-json\/wp\/v2\/product_tag?post=4443"}],"curies":[{"name":"wp","href":"https:\/\/api.w.org\/{rel}","templated":true}]}}