{"id":4584,"date":"2019-07-03T20:19:16","date_gmt":"2019-07-03T20:19:16","guid":{"rendered":"http:\/\/tumarca.co\/2019\/index.php\/product\/llavero-metalico-love\/"},"modified":"2019-07-03T20:19:16","modified_gmt":"2019-07-03T20:19:16","slug":"llavero-metalico-love","status":"publish","type":"product","link":"https:\/\/tumarca.co\/index.php\/product\/llavero-metalico-love\/","title":{"rendered":"Llavero Met\u00e1lico Love"},"content":{"rendered":"<p>Llavero en aluminio con dise\u00f1o de coraz\u00f3n y acabado metalizado. <\/p>\n","protected":false},"excerpt":{"rendered":"<p>Llavero en aluminio con dise\u00f1o de coraz\u00f3n y acabado metalizado.<\/p>\n","protected":false},"featured_media":4583,"comment_status":"closed","ping_status":"closed","template":"","meta":[],"product_brand":[],"product_cat":[60],"product_tag":[],"class_list":{"0":"post-4584","1":"product","2":"type-product","3":"status-publish","4":"has-post-thumbnail","6":"product_cat-llaveros-metalicos","8":"first","9":"instock","10":"shipping-taxable","11":"product-type-simple"},"_links":{"self":[{"href":"https:\/\/tumarca.co\/index.php\/wp-json\/wp\/v2\/product\/4584","targetHints":{"allow":["GET"]}}],"collection":[{"href":"https:\/\/tumarca.co\/index.php\/wp-json\/wp\/v2\/product"}],"about":[{"href":"https:\/\/tumarca.co\/index.php\/wp-json\/wp\/v2\/types\/product"}],"replies":[{"embeddable":true,"href":"https:\/\/tumarca.co\/index.php\/wp-json\/wp\/v2\/comments?post=4584"}],"version-history":[{"count":0,"href":"https:\/\/tumarca.co\/index.php\/wp-json\/wp\/v2\/product\/4584\/revisions"}],"wp:featuredmedia":[{"embeddable":true,"href":"https:\/\/tumarca.co\/index.php\/wp-json\/wp\/v2\/media\/4583"}],"wp:attachment":[{"href":"https:\/\/tumarca.co\/index.php\/wp-json\/wp\/v2\/media?parent=4584"}],"wp:term":[{"taxonomy":"product_brand","embeddable":true,"href":"https:\/\/tumarca.co\/index.php\/wp-json\/wp\/v2\/product_brand?post=4584"},{"taxonomy":"product_cat","embeddable":true,"href":"https:\/\/tumarca.co\/index.php\/wp-json\/wp\/v2\/product_cat?post=4584"},{"taxonomy":"product_tag","embeddable":true,"href":"https:\/\/tumarca.co\/index.php\/wp-json\/wp\/v2\/product_tag?post=4584"}],"curies":[{"name":"wp","href":"https:\/\/api.w.org\/{rel}","templated":true}]}}