{"id":4700,"date":"2019-07-03T20:49:31","date_gmt":"2019-07-03T20:49:31","guid":{"rendered":"http:\/\/tumarca.co\/2019\/index.php\/product\/carrito-merk\/"},"modified":"2019-07-03T20:49:31","modified_gmt":"2019-07-03T20:49:31","slug":"carrito-merk","status":"publish","type":"product","link":"https:\/\/tumarca.co\/index.php\/product\/carrito-merk\/","title":{"rendered":"Carrito Merk"},"content":{"rendered":"<p>Carrito de mercado, pr\u00e1ctico dise\u00f1o para realizar compras de manera c\u00f3moda y sencilla. Gran capacidad y resistencia. Soporte que mantiene siempre posici\u00f3n vertical.<\/p>\n","protected":false},"excerpt":{"rendered":"<p>Carrito de mercado, pr\u00e1ctico dise\u00f1o para realizar compras de manera c\u00f3moda y sencilla. Gran capacidad y resistencia. Soporte que mantiene siempre posici\u00f3n vertical.<\/p>\n","protected":false},"featured_media":4699,"comment_status":"closed","ping_status":"closed","template":"","meta":[],"product_brand":[],"product_cat":[15],"product_tag":[],"class_list":{"0":"post-4700","1":"product","2":"type-product","3":"status-publish","4":"has-post-thumbnail","6":"product_cat-uncategorized","8":"first","9":"instock","10":"shipping-taxable","11":"product-type-simple"},"_links":{"self":[{"href":"https:\/\/tumarca.co\/index.php\/wp-json\/wp\/v2\/product\/4700","targetHints":{"allow":["GET"]}}],"collection":[{"href":"https:\/\/tumarca.co\/index.php\/wp-json\/wp\/v2\/product"}],"about":[{"href":"https:\/\/tumarca.co\/index.php\/wp-json\/wp\/v2\/types\/product"}],"replies":[{"embeddable":true,"href":"https:\/\/tumarca.co\/index.php\/wp-json\/wp\/v2\/comments?post=4700"}],"version-history":[{"count":0,"href":"https:\/\/tumarca.co\/index.php\/wp-json\/wp\/v2\/product\/4700\/revisions"}],"wp:featuredmedia":[{"embeddable":true,"href":"https:\/\/tumarca.co\/index.php\/wp-json\/wp\/v2\/media\/4699"}],"wp:attachment":[{"href":"https:\/\/tumarca.co\/index.php\/wp-json\/wp\/v2\/media?parent=4700"}],"wp:term":[{"taxonomy":"product_brand","embeddable":true,"href":"https:\/\/tumarca.co\/index.php\/wp-json\/wp\/v2\/product_brand?post=4700"},{"taxonomy":"product_cat","embeddable":true,"href":"https:\/\/tumarca.co\/index.php\/wp-json\/wp\/v2\/product_cat?post=4700"},{"taxonomy":"product_tag","embeddable":true,"href":"https:\/\/tumarca.co\/index.php\/wp-json\/wp\/v2\/product_tag?post=4700"}],"curies":[{"name":"wp","href":"https:\/\/api.w.org\/{rel}","templated":true}]}}