{"id":4706,"date":"2019-07-03T20:50:45","date_gmt":"2019-07-03T20:50:45","guid":{"rendered":"http:\/\/tumarca.co\/2019\/index.php\/product\/alcancia-oink\/"},"modified":"2019-07-03T20:50:45","modified_gmt":"2019-07-03T20:50:45","slug":"alcancia-oink","status":"publish","type":"product","link":"https:\/\/tumarca.co\/index.php\/product\/alcancia-oink\/","title":{"rendered":"Alcanc\u00eda Oink"},"content":{"rendered":"<p>Alcanc\u00eda con forma de cerdo en colores vibrantes. Con tap\u00f3n en la parte inferior para vaciar la alcanc\u00eda.<\/p>\n","protected":false},"excerpt":{"rendered":"<p>Alcanc\u00eda con forma de cerdo en colores vibrantes. Con tap\u00f3n en la parte inferior para vaciar la alcanc\u00eda.<\/p>\n","protected":false},"featured_media":4705,"comment_status":"closed","ping_status":"closed","template":"","meta":[],"product_brand":[],"product_cat":[68],"product_tag":[],"class_list":{"0":"post-4706","1":"product","2":"type-product","3":"status-publish","4":"has-post-thumbnail","6":"product_cat-accesorios-de-escritorio","8":"first","9":"instock","10":"shipping-taxable","11":"product-type-simple"},"_links":{"self":[{"href":"https:\/\/tumarca.co\/index.php\/wp-json\/wp\/v2\/product\/4706","targetHints":{"allow":["GET"]}}],"collection":[{"href":"https:\/\/tumarca.co\/index.php\/wp-json\/wp\/v2\/product"}],"about":[{"href":"https:\/\/tumarca.co\/index.php\/wp-json\/wp\/v2\/types\/product"}],"replies":[{"embeddable":true,"href":"https:\/\/tumarca.co\/index.php\/wp-json\/wp\/v2\/comments?post=4706"}],"version-history":[{"count":0,"href":"https:\/\/tumarca.co\/index.php\/wp-json\/wp\/v2\/product\/4706\/revisions"}],"wp:featuredmedia":[{"embeddable":true,"href":"https:\/\/tumarca.co\/index.php\/wp-json\/wp\/v2\/media\/4705"}],"wp:attachment":[{"href":"https:\/\/tumarca.co\/index.php\/wp-json\/wp\/v2\/media?parent=4706"}],"wp:term":[{"taxonomy":"product_brand","embeddable":true,"href":"https:\/\/tumarca.co\/index.php\/wp-json\/wp\/v2\/product_brand?post=4706"},{"taxonomy":"product_cat","embeddable":true,"href":"https:\/\/tumarca.co\/index.php\/wp-json\/wp\/v2\/product_cat?post=4706"},{"taxonomy":"product_tag","embeddable":true,"href":"https:\/\/tumarca.co\/index.php\/wp-json\/wp\/v2\/product_tag?post=4706"}],"curies":[{"name":"wp","href":"https:\/\/api.w.org\/{rel}","templated":true}]}}