{"id":4783,"date":"2019-07-05T20:29:07","date_gmt":"2019-07-05T20:29:07","guid":{"rendered":"http:\/\/tumarca.co\/2019\/index.php\/product\/libreta-ejecutiva-mini\/"},"modified":"2019-07-05T20:29:07","modified_gmt":"2019-07-05T20:29:07","slug":"libreta-ejecutiva-mini","status":"publish","type":"product","link":"https:\/\/tumarca.co\/index.php\/product\/libreta-ejecutiva-mini\/","title":{"rendered":"Libreta Ejecutiva Mini"},"content":{"rendered":"<p>Libreta con cubierta forrada en imitaci\u00f3n cuero. La libreta de color Natural viene con cubierta de cart\u00f3n reciclado, con banda el\u00e1stica de cierre. Cinta marcadora. 80 hojas blancas. Tama\u00f1o aproximado A6. <\/p>\n","protected":false},"excerpt":{"rendered":"<p>Libreta con cubierta forrada en imitaci\u00f3n cuero. La libreta de color Natural viene con cubierta de cart\u00f3n reciclado, con banda el\u00e1stica de cierre. Cinta marcadora. 80 hojas blancas. Tama\u00f1o aproximado A6.<\/p>\n","protected":false},"featured_media":4782,"comment_status":"closed","ping_status":"closed","template":"","meta":[],"product_brand":[],"product_cat":[72],"product_tag":[],"class_list":{"0":"post-4783","1":"product","2":"type-product","3":"status-publish","4":"has-post-thumbnail","6":"product_cat-libretas-plasticas","8":"first","9":"instock","10":"shipping-taxable","11":"product-type-simple"},"_links":{"self":[{"href":"https:\/\/tumarca.co\/index.php\/wp-json\/wp\/v2\/product\/4783","targetHints":{"allow":["GET"]}}],"collection":[{"href":"https:\/\/tumarca.co\/index.php\/wp-json\/wp\/v2\/product"}],"about":[{"href":"https:\/\/tumarca.co\/index.php\/wp-json\/wp\/v2\/types\/product"}],"replies":[{"embeddable":true,"href":"https:\/\/tumarca.co\/index.php\/wp-json\/wp\/v2\/comments?post=4783"}],"version-history":[{"count":0,"href":"https:\/\/tumarca.co\/index.php\/wp-json\/wp\/v2\/product\/4783\/revisions"}],"wp:featuredmedia":[{"embeddable":true,"href":"https:\/\/tumarca.co\/index.php\/wp-json\/wp\/v2\/media\/4782"}],"wp:attachment":[{"href":"https:\/\/tumarca.co\/index.php\/wp-json\/wp\/v2\/media?parent=4783"}],"wp:term":[{"taxonomy":"product_brand","embeddable":true,"href":"https:\/\/tumarca.co\/index.php\/wp-json\/wp\/v2\/product_brand?post=4783"},{"taxonomy":"product_cat","embeddable":true,"href":"https:\/\/tumarca.co\/index.php\/wp-json\/wp\/v2\/product_cat?post=4783"},{"taxonomy":"product_tag","embeddable":true,"href":"https:\/\/tumarca.co\/index.php\/wp-json\/wp\/v2\/product_tag?post=4783"}],"curies":[{"name":"wp","href":"https:\/\/api.w.org\/{rel}","templated":true}]}}