{"id":4787,"date":"2019-07-05T20:30:08","date_gmt":"2019-07-05T20:30:08","guid":{"rendered":"http:\/\/tumarca.co\/2019\/index.php\/product\/libreta-slim-con-boligrafo\/"},"modified":"2019-07-05T20:30:08","modified_gmt":"2019-07-05T20:30:08","slug":"libreta-slim-con-boligrafo","status":"publish","type":"product","link":"https:\/\/tumarca.co\/index.php\/product\/libreta-slim-con-boligrafo\/","title":{"rendered":"Libreta Slim con Bol\u00edgrafo"},"content":{"rendered":"<p>Libreta de notas vertical. Con argollado doble \u201cO\u201d.   De 50 hojas rayadas y bol\u00edgrafo pl\u00e1stico a tono con el color de la libreta. Tama\u00f1o aproximado: A7. Incluye bol\u00edgrafo de color similar y banda porta bol\u00edgrafos.<\/p>\n","protected":false},"excerpt":{"rendered":"<p>Libreta de notas vertical. Con argollado doble \u201cO\u201d. De 50 hojas rayadas y bol\u00edgrafo pl\u00e1stico a tono con el color de la libreta. Tama\u00f1o aproximado: A7. Incluye bol\u00edgrafo de color similar y banda porta bol\u00edgrafos.<\/p>\n","protected":false},"featured_media":4786,"comment_status":"closed","ping_status":"closed","template":"","meta":[],"product_brand":[],"product_cat":[72],"product_tag":[],"class_list":{"0":"post-4787","1":"product","2":"type-product","3":"status-publish","4":"has-post-thumbnail","6":"product_cat-libretas-plasticas","8":"first","9":"instock","10":"shipping-taxable","11":"product-type-simple"},"_links":{"self":[{"href":"https:\/\/tumarca.co\/index.php\/wp-json\/wp\/v2\/product\/4787","targetHints":{"allow":["GET"]}}],"collection":[{"href":"https:\/\/tumarca.co\/index.php\/wp-json\/wp\/v2\/product"}],"about":[{"href":"https:\/\/tumarca.co\/index.php\/wp-json\/wp\/v2\/types\/product"}],"replies":[{"embeddable":true,"href":"https:\/\/tumarca.co\/index.php\/wp-json\/wp\/v2\/comments?post=4787"}],"version-history":[{"count":0,"href":"https:\/\/tumarca.co\/index.php\/wp-json\/wp\/v2\/product\/4787\/revisions"}],"wp:featuredmedia":[{"embeddable":true,"href":"https:\/\/tumarca.co\/index.php\/wp-json\/wp\/v2\/media\/4786"}],"wp:attachment":[{"href":"https:\/\/tumarca.co\/index.php\/wp-json\/wp\/v2\/media?parent=4787"}],"wp:term":[{"taxonomy":"product_brand","embeddable":true,"href":"https:\/\/tumarca.co\/index.php\/wp-json\/wp\/v2\/product_brand?post=4787"},{"taxonomy":"product_cat","embeddable":true,"href":"https:\/\/tumarca.co\/index.php\/wp-json\/wp\/v2\/product_cat?post=4787"},{"taxonomy":"product_tag","embeddable":true,"href":"https:\/\/tumarca.co\/index.php\/wp-json\/wp\/v2\/product_tag?post=4787"}],"curies":[{"name":"wp","href":"https:\/\/api.w.org\/{rel}","templated":true}]}}