{"id":4813,"date":"2019-07-05T20:35:44","date_gmt":"2019-07-05T20:35:44","guid":{"rendered":"http:\/\/tumarca.co\/2019\/index.php\/product\/libreta-con-boligrafo-rome\/"},"modified":"2019-07-05T20:35:44","modified_gmt":"2019-07-05T20:35:44","slug":"libreta-con-boligrafo-rome","status":"publish","type":"product","link":"https:\/\/tumarca.co\/index.php\/product\/libreta-con-boligrafo-rome\/","title":{"rendered":"Libreta con Bol\u00edgrafo Rome"},"content":{"rendered":"<p>Libreta pl\u00e1stica con acabado geom\u00e9trico en la parte superior de la portada, con cinta separadora, banda el\u00e1stica para cierre y porta bol\u00edgrafos lateral. Incluye bol\u00edgrafo con acabado geom\u00e9trico del color de la libreta y clip traslucido. 80 Hojas rayadas. Tama\u00f1o aproximado: A6. <\/p>\n","protected":false},"excerpt":{"rendered":"<p>Libreta pl\u00e1stica con acabado geom\u00e9trico en la parte superior de la portada, con cinta separadora, banda el\u00e1stica para cierre y porta bol\u00edgrafos lateral. Incluye bol\u00edgrafo con acabado geom\u00e9trico del color de la libreta y clip traslucido. 80 Hojas rayadas. Tama\u00f1o aproximado: A6.<\/p>\n","protected":false},"featured_media":4812,"comment_status":"closed","ping_status":"closed","template":"","meta":[],"product_brand":[],"product_cat":[72],"product_tag":[],"class_list":{"0":"post-4813","1":"product","2":"type-product","3":"status-publish","4":"has-post-thumbnail","6":"product_cat-libretas-plasticas","8":"first","9":"instock","10":"shipping-taxable","11":"product-type-simple"},"_links":{"self":[{"href":"https:\/\/tumarca.co\/index.php\/wp-json\/wp\/v2\/product\/4813","targetHints":{"allow":["GET"]}}],"collection":[{"href":"https:\/\/tumarca.co\/index.php\/wp-json\/wp\/v2\/product"}],"about":[{"href":"https:\/\/tumarca.co\/index.php\/wp-json\/wp\/v2\/types\/product"}],"replies":[{"embeddable":true,"href":"https:\/\/tumarca.co\/index.php\/wp-json\/wp\/v2\/comments?post=4813"}],"version-history":[{"count":0,"href":"https:\/\/tumarca.co\/index.php\/wp-json\/wp\/v2\/product\/4813\/revisions"}],"wp:featuredmedia":[{"embeddable":true,"href":"https:\/\/tumarca.co\/index.php\/wp-json\/wp\/v2\/media\/4812"}],"wp:attachment":[{"href":"https:\/\/tumarca.co\/index.php\/wp-json\/wp\/v2\/media?parent=4813"}],"wp:term":[{"taxonomy":"product_brand","embeddable":true,"href":"https:\/\/tumarca.co\/index.php\/wp-json\/wp\/v2\/product_brand?post=4813"},{"taxonomy":"product_cat","embeddable":true,"href":"https:\/\/tumarca.co\/index.php\/wp-json\/wp\/v2\/product_cat?post=4813"},{"taxonomy":"product_tag","embeddable":true,"href":"https:\/\/tumarca.co\/index.php\/wp-json\/wp\/v2\/product_tag?post=4813"}],"curies":[{"name":"wp","href":"https:\/\/api.w.org\/{rel}","templated":true}]}}