{"id":4821,"date":"2019-07-05T20:37:54","date_gmt":"2019-07-05T20:37:54","guid":{"rendered":"http:\/\/tumarca.co\/2019\/index.php\/product\/libreta-boligrafo-centre-jr\/"},"modified":"2019-07-05T20:37:54","modified_gmt":"2019-07-05T20:37:54","slug":"libreta-boligrafo-centre-jr","status":"publish","type":"product","link":"https:\/\/tumarca.co\/index.php\/product\/libreta-boligrafo-centre-jr\/","title":{"rendered":"Libreta + Bol\u00edgrafo Centre Jr"},"content":{"rendered":"<p>Libreta con cubierta en PU, Porta bol\u00edgrafo en la Portada, banda el\u00e1stica y cinta marcadora, 80 hojas en papel cuadriculado. Tama\u00f1o aproximado de la hoja A6. Incluye Bol\u00edgrafo.<\/p>\n","protected":false},"excerpt":{"rendered":"<p>Libreta con cubierta en PU, Porta bol\u00edgrafo en la Portada, banda el\u00e1stica y cinta marcadora, 80 hojas en papel cuadriculado. Tama\u00f1o aproximado de la hoja A6. Incluye Bol\u00edgrafo.<\/p>\n","protected":false},"featured_media":4820,"comment_status":"closed","ping_status":"closed","template":"","meta":[],"product_brand":[],"product_cat":[72],"product_tag":[],"class_list":{"0":"post-4821","1":"product","2":"type-product","3":"status-publish","4":"has-post-thumbnail","6":"product_cat-libretas-plasticas","8":"first","9":"instock","10":"shipping-taxable","11":"product-type-simple"},"_links":{"self":[{"href":"https:\/\/tumarca.co\/index.php\/wp-json\/wp\/v2\/product\/4821","targetHints":{"allow":["GET"]}}],"collection":[{"href":"https:\/\/tumarca.co\/index.php\/wp-json\/wp\/v2\/product"}],"about":[{"href":"https:\/\/tumarca.co\/index.php\/wp-json\/wp\/v2\/types\/product"}],"replies":[{"embeddable":true,"href":"https:\/\/tumarca.co\/index.php\/wp-json\/wp\/v2\/comments?post=4821"}],"version-history":[{"count":0,"href":"https:\/\/tumarca.co\/index.php\/wp-json\/wp\/v2\/product\/4821\/revisions"}],"wp:featuredmedia":[{"embeddable":true,"href":"https:\/\/tumarca.co\/index.php\/wp-json\/wp\/v2\/media\/4820"}],"wp:attachment":[{"href":"https:\/\/tumarca.co\/index.php\/wp-json\/wp\/v2\/media?parent=4821"}],"wp:term":[{"taxonomy":"product_brand","embeddable":true,"href":"https:\/\/tumarca.co\/index.php\/wp-json\/wp\/v2\/product_brand?post=4821"},{"taxonomy":"product_cat","embeddable":true,"href":"https:\/\/tumarca.co\/index.php\/wp-json\/wp\/v2\/product_cat?post=4821"},{"taxonomy":"product_tag","embeddable":true,"href":"https:\/\/tumarca.co\/index.php\/wp-json\/wp\/v2\/product_tag?post=4821"}],"curies":[{"name":"wp","href":"https:\/\/api.w.org\/{rel}","templated":true}]}}