{"id":4833,"date":"2019-07-05T20:40:31","date_gmt":"2019-07-05T20:40:31","guid":{"rendered":"http:\/\/tumarca.co\/2019\/index.php\/product\/libreta-fad-mini\/"},"modified":"2019-07-05T20:40:31","modified_gmt":"2019-07-05T20:40:31","slug":"libreta-fad-mini","status":"publish","type":"product","link":"https:\/\/tumarca.co\/index.php\/product\/libreta-fad-mini\/","title":{"rendered":"Libreta Fad Mini"},"content":{"rendered":"<p>Libreta con cubierta en PU banda el\u00e1stica de cierre lateral. Cinta marcadora portabol\u00edgrafos lateral y 80 hojas de papel rayado. Tama\u00f1o aproximado de la hoja A6.<\/p>\n","protected":false},"excerpt":{"rendered":"<p>Libreta con cubierta en PU banda el\u00e1stica de cierre lateral. Cinta marcadora portabol\u00edgrafos lateral y 80 hojas de papel rayado. Tama\u00f1o aproximado de la hoja A6.<\/p>\n","protected":false},"featured_media":4832,"comment_status":"closed","ping_status":"closed","template":"","meta":[],"product_brand":[],"product_cat":[72],"product_tag":[],"class_list":{"0":"post-4833","1":"product","2":"type-product","3":"status-publish","4":"has-post-thumbnail","6":"product_cat-libretas-plasticas","8":"first","9":"instock","10":"shipping-taxable","11":"product-type-simple"},"_links":{"self":[{"href":"https:\/\/tumarca.co\/index.php\/wp-json\/wp\/v2\/product\/4833","targetHints":{"allow":["GET"]}}],"collection":[{"href":"https:\/\/tumarca.co\/index.php\/wp-json\/wp\/v2\/product"}],"about":[{"href":"https:\/\/tumarca.co\/index.php\/wp-json\/wp\/v2\/types\/product"}],"replies":[{"embeddable":true,"href":"https:\/\/tumarca.co\/index.php\/wp-json\/wp\/v2\/comments?post=4833"}],"version-history":[{"count":0,"href":"https:\/\/tumarca.co\/index.php\/wp-json\/wp\/v2\/product\/4833\/revisions"}],"wp:featuredmedia":[{"embeddable":true,"href":"https:\/\/tumarca.co\/index.php\/wp-json\/wp\/v2\/media\/4832"}],"wp:attachment":[{"href":"https:\/\/tumarca.co\/index.php\/wp-json\/wp\/v2\/media?parent=4833"}],"wp:term":[{"taxonomy":"product_brand","embeddable":true,"href":"https:\/\/tumarca.co\/index.php\/wp-json\/wp\/v2\/product_brand?post=4833"},{"taxonomy":"product_cat","embeddable":true,"href":"https:\/\/tumarca.co\/index.php\/wp-json\/wp\/v2\/product_cat?post=4833"},{"taxonomy":"product_tag","embeddable":true,"href":"https:\/\/tumarca.co\/index.php\/wp-json\/wp\/v2\/product_tag?post=4833"}],"curies":[{"name":"wp","href":"https:\/\/api.w.org\/{rel}","templated":true}]}}