{"id":4852,"date":"2019-07-08T02:26:20","date_gmt":"2019-07-08T02:26:20","guid":{"rendered":"http:\/\/tumarca.co\/2019\/index.php\/product\/libreta-brillant\/"},"modified":"2019-07-08T02:26:20","modified_gmt":"2019-07-08T02:26:20","slug":"libreta-brillant","status":"publish","type":"product","link":"https:\/\/tumarca.co\/index.php\/product\/libreta-brillant\/","title":{"rendered":"Libreta Brillant"},"content":{"rendered":"<p>Libreta con cubierta en PU blanca, dise\u00f1ada especialmente para marcaci\u00f3n en repujado, el cual muestra el mismo color de la cinta separadora. Portabol\u00edgrafos lateral y banda el\u00e1stica de cierre. 80 Hojas de papel rayado. Tama\u00f1o aproximado del papel A6.<\/p>\n","protected":false},"excerpt":{"rendered":"<p>Libreta con cubierta en PU blanca, dise\u00f1ada especialmente para marcaci\u00f3n en repujado, el cual muestra el mismo color de la cinta separadora. Portabol\u00edgrafos lateral y banda el\u00e1stica de cierre. 80 Hojas de papel rayado. Tama\u00f1o aproximado del papel A6.<\/p>\n","protected":false},"featured_media":4851,"comment_status":"closed","ping_status":"closed","template":"","meta":[],"product_brand":[],"product_cat":[72],"product_tag":[],"class_list":{"0":"post-4852","1":"product","2":"type-product","3":"status-publish","4":"has-post-thumbnail","6":"product_cat-libretas-plasticas","8":"first","9":"instock","10":"shipping-taxable","11":"product-type-simple"},"_links":{"self":[{"href":"https:\/\/tumarca.co\/index.php\/wp-json\/wp\/v2\/product\/4852","targetHints":{"allow":["GET"]}}],"collection":[{"href":"https:\/\/tumarca.co\/index.php\/wp-json\/wp\/v2\/product"}],"about":[{"href":"https:\/\/tumarca.co\/index.php\/wp-json\/wp\/v2\/types\/product"}],"replies":[{"embeddable":true,"href":"https:\/\/tumarca.co\/index.php\/wp-json\/wp\/v2\/comments?post=4852"}],"version-history":[{"count":0,"href":"https:\/\/tumarca.co\/index.php\/wp-json\/wp\/v2\/product\/4852\/revisions"}],"wp:featuredmedia":[{"embeddable":true,"href":"https:\/\/tumarca.co\/index.php\/wp-json\/wp\/v2\/media\/4851"}],"wp:attachment":[{"href":"https:\/\/tumarca.co\/index.php\/wp-json\/wp\/v2\/media?parent=4852"}],"wp:term":[{"taxonomy":"product_brand","embeddable":true,"href":"https:\/\/tumarca.co\/index.php\/wp-json\/wp\/v2\/product_brand?post=4852"},{"taxonomy":"product_cat","embeddable":true,"href":"https:\/\/tumarca.co\/index.php\/wp-json\/wp\/v2\/product_cat?post=4852"},{"taxonomy":"product_tag","embeddable":true,"href":"https:\/\/tumarca.co\/index.php\/wp-json\/wp\/v2\/product_tag?post=4852"}],"curies":[{"name":"wp","href":"https:\/\/api.w.org\/{rel}","templated":true}]}}