{"id":4854,"date":"2019-07-08T02:27:07","date_gmt":"2019-07-08T02:27:07","guid":{"rendered":"http:\/\/tumarca.co\/2019\/index.php\/product\/libreta-match\/"},"modified":"2019-07-08T02:27:07","modified_gmt":"2019-07-08T02:27:07","slug":"libreta-match","status":"publish","type":"product","link":"https:\/\/tumarca.co\/index.php\/product\/libreta-match\/","title":{"rendered":"Libreta Match"},"content":{"rendered":"<p>Libreta con cubierta negra en PU, banda el\u00e1stica, separador y Porta bol\u00edgrafos en color gris. 80 hojas rayadas de 70 gr. Bol\u00edgrafo de diferentes colores referencia OF0544 (bol\u00edgrafo se vende por separado). <\/p>\n","protected":false},"excerpt":{"rendered":"<p>Libreta con cubierta negra en PU, banda el\u00e1stica, separador y Porta bol\u00edgrafos en color gris. 80 hojas rayadas de 70 gr. Bol\u00edgrafo de diferentes colores referencia OF0544 (bol\u00edgrafo se vende por separado).<\/p>\n","protected":false},"featured_media":4853,"comment_status":"closed","ping_status":"closed","template":"","meta":[],"product_brand":[],"product_cat":[72],"product_tag":[],"class_list":{"0":"post-4854","1":"product","2":"type-product","3":"status-publish","4":"has-post-thumbnail","6":"product_cat-libretas-plasticas","8":"first","9":"instock","10":"shipping-taxable","11":"product-type-simple"},"_links":{"self":[{"href":"https:\/\/tumarca.co\/index.php\/wp-json\/wp\/v2\/product\/4854","targetHints":{"allow":["GET"]}}],"collection":[{"href":"https:\/\/tumarca.co\/index.php\/wp-json\/wp\/v2\/product"}],"about":[{"href":"https:\/\/tumarca.co\/index.php\/wp-json\/wp\/v2\/types\/product"}],"replies":[{"embeddable":true,"href":"https:\/\/tumarca.co\/index.php\/wp-json\/wp\/v2\/comments?post=4854"}],"version-history":[{"count":0,"href":"https:\/\/tumarca.co\/index.php\/wp-json\/wp\/v2\/product\/4854\/revisions"}],"wp:featuredmedia":[{"embeddable":true,"href":"https:\/\/tumarca.co\/index.php\/wp-json\/wp\/v2\/media\/4853"}],"wp:attachment":[{"href":"https:\/\/tumarca.co\/index.php\/wp-json\/wp\/v2\/media?parent=4854"}],"wp:term":[{"taxonomy":"product_brand","embeddable":true,"href":"https:\/\/tumarca.co\/index.php\/wp-json\/wp\/v2\/product_brand?post=4854"},{"taxonomy":"product_cat","embeddable":true,"href":"https:\/\/tumarca.co\/index.php\/wp-json\/wp\/v2\/product_cat?post=4854"},{"taxonomy":"product_tag","embeddable":true,"href":"https:\/\/tumarca.co\/index.php\/wp-json\/wp\/v2\/product_tag?post=4854"}],"curies":[{"name":"wp","href":"https:\/\/api.w.org\/{rel}","templated":true}]}}