{"id":4956,"date":"2019-07-08T03:27:10","date_gmt":"2019-07-08T03:27:10","guid":{"rendered":"http:\/\/tumarca.co\/2019\/index.php\/product\/paraguas-posh-23\/"},"modified":"2019-07-08T03:27:10","modified_gmt":"2019-07-08T03:27:10","slug":"paraguas-posh-23","status":"publish","type":"product","link":"https:\/\/tumarca.co\/index.php\/product\/paraguas-posh-23\/","title":{"rendered":"Paraguas Posh 23&#8243;"},"content":{"rendered":"<p>Apertura autom\u00e1tica y cierre manual, costillas en fibra de vidrio y de color, mango pl\u00e1stico. Tela pongee 190t. Puntas pl\u00e1sticas. Antibrisa.<\/p>\n","protected":false},"excerpt":{"rendered":"<p>Apertura autom\u00e1tica y cierre manual, costillas en fibra de vidrio y de color, mango pl\u00e1stico. Tela pongee 190t. Puntas pl\u00e1sticas. Antibrisa.<\/p>\n","protected":false},"featured_media":4955,"comment_status":"closed","ping_status":"closed","template":"","meta":[],"product_brand":[],"product_cat":[77],"product_tag":[],"class_list":{"0":"post-4956","1":"product","2":"type-product","3":"status-publish","4":"has-post-thumbnail","6":"product_cat-paraguas","8":"first","9":"instock","10":"shipping-taxable","11":"product-type-simple"},"_links":{"self":[{"href":"https:\/\/tumarca.co\/index.php\/wp-json\/wp\/v2\/product\/4956","targetHints":{"allow":["GET"]}}],"collection":[{"href":"https:\/\/tumarca.co\/index.php\/wp-json\/wp\/v2\/product"}],"about":[{"href":"https:\/\/tumarca.co\/index.php\/wp-json\/wp\/v2\/types\/product"}],"replies":[{"embeddable":true,"href":"https:\/\/tumarca.co\/index.php\/wp-json\/wp\/v2\/comments?post=4956"}],"version-history":[{"count":0,"href":"https:\/\/tumarca.co\/index.php\/wp-json\/wp\/v2\/product\/4956\/revisions"}],"wp:featuredmedia":[{"embeddable":true,"href":"https:\/\/tumarca.co\/index.php\/wp-json\/wp\/v2\/media\/4955"}],"wp:attachment":[{"href":"https:\/\/tumarca.co\/index.php\/wp-json\/wp\/v2\/media?parent=4956"}],"wp:term":[{"taxonomy":"product_brand","embeddable":true,"href":"https:\/\/tumarca.co\/index.php\/wp-json\/wp\/v2\/product_brand?post=4956"},{"taxonomy":"product_cat","embeddable":true,"href":"https:\/\/tumarca.co\/index.php\/wp-json\/wp\/v2\/product_cat?post=4956"},{"taxonomy":"product_tag","embeddable":true,"href":"https:\/\/tumarca.co\/index.php\/wp-json\/wp\/v2\/product_tag?post=4956"}],"curies":[{"name":"wp","href":"https:\/\/api.w.org\/{rel}","templated":true}]}}