{"id":4988,"date":"2019-07-08T03:34:43","date_gmt":"2019-07-08T03:34:43","guid":{"rendered":"http:\/\/tumarca.co\/2019\/index.php\/product\/paraguas-21-soleil\/"},"modified":"2019-10-04T13:22:09","modified_gmt":"2019-10-04T13:22:09","slug":"paraguas-21-soleil","status":"publish","type":"product","link":"https:\/\/tumarca.co\/index.php\/product\/paraguas-21-soleil\/","title":{"rendered":"Paraguas 21&#8243; Soleil"},"content":{"rendered":"<p>Paraguas 3 secciones con apertura autom\u00e1tica y cierre manual. Mango ergon\u00f3mico con acabado mate.  Correa para mu\u00f1eca. Funda individual.<\/p>\n","protected":false},"excerpt":{"rendered":"<p>Paraguas 3 secciones con apertura autom\u00e1tica y cierre manual. Mango ergon\u00f3mico con acabado mate. Correa para mu\u00f1eca. Funda individual.<\/p>\n","protected":false},"featured_media":4987,"comment_status":"closed","ping_status":"closed","template":"","meta":[],"product_brand":[],"product_cat":[77,79],"product_tag":[],"class_list":{"0":"post-4988","1":"product","2":"type-product","3":"status-publish","4":"has-post-thumbnail","6":"product_cat-paraguas","7":"product_cat-paraguas-mini","9":"first","10":"instock","11":"shipping-taxable","12":"product-type-simple"},"_links":{"self":[{"href":"https:\/\/tumarca.co\/index.php\/wp-json\/wp\/v2\/product\/4988","targetHints":{"allow":["GET"]}}],"collection":[{"href":"https:\/\/tumarca.co\/index.php\/wp-json\/wp\/v2\/product"}],"about":[{"href":"https:\/\/tumarca.co\/index.php\/wp-json\/wp\/v2\/types\/product"}],"replies":[{"embeddable":true,"href":"https:\/\/tumarca.co\/index.php\/wp-json\/wp\/v2\/comments?post=4988"}],"version-history":[{"count":0,"href":"https:\/\/tumarca.co\/index.php\/wp-json\/wp\/v2\/product\/4988\/revisions"}],"wp:featuredmedia":[{"embeddable":true,"href":"https:\/\/tumarca.co\/index.php\/wp-json\/wp\/v2\/media\/4987"}],"wp:attachment":[{"href":"https:\/\/tumarca.co\/index.php\/wp-json\/wp\/v2\/media?parent=4988"}],"wp:term":[{"taxonomy":"product_brand","embeddable":true,"href":"https:\/\/tumarca.co\/index.php\/wp-json\/wp\/v2\/product_brand?post=4988"},{"taxonomy":"product_cat","embeddable":true,"href":"https:\/\/tumarca.co\/index.php\/wp-json\/wp\/v2\/product_cat?post=4988"},{"taxonomy":"product_tag","embeddable":true,"href":"https:\/\/tumarca.co\/index.php\/wp-json\/wp\/v2\/product_tag?post=4988"}],"curies":[{"name":"wp","href":"https:\/\/api.w.org\/{rel}","templated":true}]}}