{"id":5010,"date":"2019-07-08T03:39:23","date_gmt":"2019-07-08T03:39:23","guid":{"rendered":"http:\/\/tumarca.co\/2019\/index.php\/product\/paraguas-21-dakota\/"},"modified":"2019-10-04T13:22:05","modified_gmt":"2019-10-04T13:22:05","slug":"paraguas-21-dakota","status":"publish","type":"product","link":"https:\/\/tumarca.co\/index.php\/product\/paraguas-21-dakota\/","title":{"rendered":"Paraguas 21&#8243; Dakota"},"content":{"rendered":"<p>Paraguas 21&#8243; x 8 cascos, apertura en 3 secciones manual. Con tecnolog\u00eda windproof que garantiza buena resistencia al viento. Antibrisa. Mango pl\u00e1stico con recubrimiento en goma.  Protecci\u00f3n UV.<\/p>\n","protected":false},"excerpt":{"rendered":"<p>Paraguas 21&#8243; x 8 cascos, apertura en 3 secciones manual. Con tecnolog\u00eda windproof que garantiza buena resistencia al viento. Antibrisa. Mango pl\u00e1stico con recubrimiento en goma. Protecci\u00f3n UV.<\/p>\n","protected":false},"featured_media":5009,"comment_status":"closed","ping_status":"closed","template":"","meta":[],"product_brand":[],"product_cat":[77,79],"product_tag":[],"class_list":{"0":"post-5010","1":"product","2":"type-product","3":"status-publish","4":"has-post-thumbnail","6":"product_cat-paraguas","7":"product_cat-paraguas-mini","9":"first","10":"instock","11":"shipping-taxable","12":"product-type-simple"},"_links":{"self":[{"href":"https:\/\/tumarca.co\/index.php\/wp-json\/wp\/v2\/product\/5010","targetHints":{"allow":["GET"]}}],"collection":[{"href":"https:\/\/tumarca.co\/index.php\/wp-json\/wp\/v2\/product"}],"about":[{"href":"https:\/\/tumarca.co\/index.php\/wp-json\/wp\/v2\/types\/product"}],"replies":[{"embeddable":true,"href":"https:\/\/tumarca.co\/index.php\/wp-json\/wp\/v2\/comments?post=5010"}],"version-history":[{"count":0,"href":"https:\/\/tumarca.co\/index.php\/wp-json\/wp\/v2\/product\/5010\/revisions"}],"wp:featuredmedia":[{"embeddable":true,"href":"https:\/\/tumarca.co\/index.php\/wp-json\/wp\/v2\/media\/5009"}],"wp:attachment":[{"href":"https:\/\/tumarca.co\/index.php\/wp-json\/wp\/v2\/media?parent=5010"}],"wp:term":[{"taxonomy":"product_brand","embeddable":true,"href":"https:\/\/tumarca.co\/index.php\/wp-json\/wp\/v2\/product_brand?post=5010"},{"taxonomy":"product_cat","embeddable":true,"href":"https:\/\/tumarca.co\/index.php\/wp-json\/wp\/v2\/product_cat?post=5010"},{"taxonomy":"product_tag","embeddable":true,"href":"https:\/\/tumarca.co\/index.php\/wp-json\/wp\/v2\/product_tag?post=5010"}],"curies":[{"name":"wp","href":"https:\/\/api.w.org\/{rel}","templated":true}]}}