{"id":5033,"date":"2019-07-08T04:27:07","date_gmt":"2019-07-08T04:27:07","guid":{"rendered":"http:\/\/tumarca.co\/2019\/index.php\/product\/arco-futbol-goal\/"},"modified":"2019-07-08T04:27:07","modified_gmt":"2019-07-08T04:27:07","slug":"arco-futbol-goal","status":"publish","type":"product","link":"https:\/\/tumarca.co\/index.php\/product\/arco-futbol-goal\/","title":{"rendered":"Arco F\u00fatbol Goal"},"content":{"rendered":"<p>Objetivo de f\u00fatbol plegable con tecnolog\u00eda pop-up. La configuraci\u00f3n r\u00e1pida y f\u00e1cil almacenamiento hace que este objetivo de f\u00fatbol sea pr\u00e1ctico para el entretenimiento en peque\u00f1os espacios. Incluye estuche para transportar f\u00e1cilmente y 4 varillas para fijar el objetivo al piso.  No incluye bal\u00f3n.<\/p>\n","protected":false},"excerpt":{"rendered":"<p>Objetivo de f\u00fatbol plegable con tecnolog\u00eda pop-up. La configuraci\u00f3n r\u00e1pida y f\u00e1cil almacenamiento hace que este objetivo de f\u00fatbol sea pr\u00e1ctico para el entretenimiento en peque\u00f1os espacios. Incluye estuche para transportar f\u00e1cilmente y 4 varillas para fijar el objetivo al piso. No incluye bal\u00f3n.<\/p>\n","protected":false},"featured_media":5032,"comment_status":"closed","ping_status":"closed","template":"","meta":[],"product_brand":[],"product_cat":[57],"product_tag":[],"class_list":{"0":"post-5033","1":"product","2":"type-product","3":"status-publish","4":"has-post-thumbnail","6":"product_cat-recreacion","8":"first","9":"instock","10":"shipping-taxable","11":"product-type-simple"},"_links":{"self":[{"href":"https:\/\/tumarca.co\/index.php\/wp-json\/wp\/v2\/product\/5033","targetHints":{"allow":["GET"]}}],"collection":[{"href":"https:\/\/tumarca.co\/index.php\/wp-json\/wp\/v2\/product"}],"about":[{"href":"https:\/\/tumarca.co\/index.php\/wp-json\/wp\/v2\/types\/product"}],"replies":[{"embeddable":true,"href":"https:\/\/tumarca.co\/index.php\/wp-json\/wp\/v2\/comments?post=5033"}],"version-history":[{"count":0,"href":"https:\/\/tumarca.co\/index.php\/wp-json\/wp\/v2\/product\/5033\/revisions"}],"wp:featuredmedia":[{"embeddable":true,"href":"https:\/\/tumarca.co\/index.php\/wp-json\/wp\/v2\/media\/5032"}],"wp:attachment":[{"href":"https:\/\/tumarca.co\/index.php\/wp-json\/wp\/v2\/media?parent=5033"}],"wp:term":[{"taxonomy":"product_brand","embeddable":true,"href":"https:\/\/tumarca.co\/index.php\/wp-json\/wp\/v2\/product_brand?post=5033"},{"taxonomy":"product_cat","embeddable":true,"href":"https:\/\/tumarca.co\/index.php\/wp-json\/wp\/v2\/product_cat?post=5033"},{"taxonomy":"product_tag","embeddable":true,"href":"https:\/\/tumarca.co\/index.php\/wp-json\/wp\/v2\/product_tag?post=5033"}],"curies":[{"name":"wp","href":"https:\/\/api.w.org\/{rel}","templated":true}]}}